{"id":25,"date":"2010-01-23T17:27:00","date_gmt":"2010-01-23T16:27:00","guid":{"rendered":"http:\/\/www.teichhotel.de\/wordpress\/?page_id=25"},"modified":"2021-09-02T10:54:37","modified_gmt":"2021-09-02T09:54:37","slug":"uebernachten","status":"publish","type":"page","link":"https:\/\/www.teichhotel.de\/de_de\/uebernachten\/","title":{"rendered":"\u00dcbernachten"},"content":{"rendered":"<div class=\"wpb-content-wrapper\"><div data-vc-full-width=\"true\" data-vc-full-width-init=\"false\" class=\"vc_row wpb_row vc_row-fluid vc_row-5eeb60dd228e3\"><div class=\"bg-overlay\">\t\t\t\t\t<\/div>\t\t\n\t\t<div class=\"wpb_column vc_column_container vc_col-sm-12 vc_col-md-6 vc_column_container-5efde0ba72026\"><div class=\"vc_column-inner \"><div class=\"wpb_wrapper\">      <div class=\"heading-block heading-5eeb5ba1f2b84 tal h-h4\">\n                  <h4 class=\"h\">Das <span>Teichhotel***<\/span> in Schmalkalden.<\/h4>\n              <\/div>\n    \t\t<div class=\"qoute-block qoute-block-5ef98311bb2aa\">\n\t\t\t<div class=\"quote\">Seit \u00fcber 30 Jahren arbeiten wir in unserem liebevoll gef\u00fchrten Familienunternehmen daran, unseren G\u00e4sten den Aufenthalt in Teichhotel*** zu einem wunderbaren Erlebnis zu machen und ihre Erwartungen zu \u00fcbertreffen.<\/div>\n\t\t\t\t\t\t\t<div class=\"bottom\">\n\t\t\t\t\t\t\t\t\t\t\t<div class=\"left\">\n\t\t\t\t\t\t\t\t\t\t\t\t\t\t\t<div class=\"name\">Daniel Elsmann &amp; Familie<\/div>\n\t\t\t\t\t\t\t\t\t\t\t\t\t\t\t<div class=\"post\">Inhaber<\/div>\n\t\t\t\t\t\t\t\t\t\t\t\t\t<\/div>\n\t\t\t\t\t\t\t\t\t<\/div>\n\t\t\t\t\t<\/div>\n\t\t<\/div><\/div><\/div>\t\t\n\t\t<div class=\"wpb_column vc_column_container vc_col-sm-12 vc_col-md-6 vc_column_container-5efde0f620dc4\"><div class=\"vc_column-inner \"><div class=\"wpb_wrapper\">\t\t\t\t\t\t\t<div class=\"portfolio-block portfolio-type-carousel portfolio-5eeb62601fc14 popup-gallery gap-on carousel-style1\">\n\t\t\t\t\t\t\t\t\t\t\t\t\t\t\t\t\t\t<div class=\"next base-icon-prev\"><\/div>\n\t\t\t\t\t\t\t\t\t\t\t\t\t\t\t\t<div class=\"swiper-container\">\n\t\t\t\t\t\t<div class=\"swiper-wrapper\">\n\t\t\t\t\t\t\t\t\t\t<article class=\"portfolio-item swiper-slide popup-item\">\n\t\t\t\t<div class=\"wrap\">\n\t\t\t\t\t\t\t\t\t\t<div class=\"icon base-icon-plus\"><\/div>\n\t\t\t\t\t<div class=\"img\" style=\"background-image: url(https:\/\/www.teichhotel.de\/wp-content\/uploads\/2021\/12\/Bild-Teichhotel-1024x706.webp)\"><\/div>\n\t\t\t\t\t<div class=\"content\">\n\t\t\t\t\t\t<h6 class=\"title\">Teichhotel***<\/h6>\n\t\t\t\t\t<\/div>\n\t\t\t\t\t<a href=\"https:\/\/www.teichhotel.de\/wp-content\/uploads\/2021\/12\/Bild-Teichhotel-scaled.webp\" class=\"link\" data-size=\"2560x1764\" data-magic-cursor=\"link-w-text\" data-magic-cursor-text=\"Ansehen\" data-id=\"1\"><\/a>\t\t\t\t<\/div>\n\t\t\t<\/article>\n\t\t\t\t\t<article class=\"portfolio-item swiper-slide popup-item\">\n\t\t\t\t<div class=\"wrap\">\n\t\t\t\t\t\t\t\t\t\t<div class=\"icon base-icon-plus\"><\/div>\n\t\t\t\t\t<div class=\"img\" style=\"background-image: url(https:\/\/www.teichhotel.de\/wp-content\/uploads\/2021\/12\/DSC4304-1024x708.webp)\"><\/div>\n\t\t\t\t\t<div class=\"content\">\n\t\t\t\t\t\t<h6 class=\"title\">Doppelzimmer 1<\/h6>\n\t\t\t\t\t<\/div>\n\t\t\t\t\t<a href=\"https:\/\/www.teichhotel.de\/wp-content\/uploads\/2021\/12\/DSC4304-scaled.webp\" class=\"link\" data-size=\"2560x1771\" data-magic-cursor=\"link-w-text\" data-magic-cursor-text=\"Ansehen\" data-id=\"2\"><\/a>\t\t\t\t<\/div>\n\t\t\t<\/article>\n\t\t\t\t\t<article class=\"portfolio-item swiper-slide popup-item\">\n\t\t\t\t<div class=\"wrap\">\n\t\t\t\t\t\t\t\t\t\t<div class=\"icon base-icon-plus\"><\/div>\n\t\t\t\t\t<div class=\"img\" style=\"background-image: url(https:\/\/www.teichhotel.de\/wp-content\/uploads\/2021\/12\/DSC4317-1024x647.webp)\"><\/div>\n\t\t\t\t\t<div class=\"content\">\n\t\t\t\t\t\t<h6 class=\"title\">Doppelzimmer 2<\/h6>\n\t\t\t\t\t<\/div>\n\t\t\t\t\t<a href=\"https:\/\/www.teichhotel.de\/wp-content\/uploads\/2021\/12\/DSC4317-scaled.webp\" class=\"link\" data-size=\"2560x1617\" data-magic-cursor=\"link-w-text\" data-magic-cursor-text=\"Ansehen\" data-id=\"3\"><\/a>\t\t\t\t<\/div>\n\t\t\t<\/article>\n\t\t\t\t\t<article class=\"portfolio-item swiper-slide popup-item\">\n\t\t\t\t<div class=\"wrap\">\n\t\t\t\t\t\t\t\t\t\t<div class=\"icon base-icon-plus\"><\/div>\n\t\t\t\t\t<div class=\"img\" style=\"background-image: url(https:\/\/www.teichhotel.de\/wp-content\/uploads\/2021\/12\/DSC4301_1-1024x702.webp)\"><\/div>\n\t\t\t\t\t<div class=\"content\">\n\t\t\t\t\t\t<h6 class=\"title\">Badezimmer<\/h6>\n\t\t\t\t\t<\/div>\n\t\t\t\t\t<a href=\"https:\/\/www.teichhotel.de\/wp-content\/uploads\/2021\/12\/DSC4301_1-scaled.webp\" class=\"link\" data-size=\"2560x1756\" data-magic-cursor=\"link-w-text\" data-magic-cursor-text=\"Ansehen\" data-id=\"4\"><\/a>\t\t\t\t<\/div>\n\t\t\t<\/article>\n\t\t\t\t\t<article class=\"portfolio-item swiper-slide popup-item\">\n\t\t\t\t<div class=\"wrap\">\n\t\t\t\t\t\t\t\t\t\t<div class=\"icon base-icon-plus\"><\/div>\n\t\t\t\t\t<div class=\"img\" style=\"background-image: url(https:\/\/www.teichhotel.de\/wp-content\/uploads\/2021\/12\/DSC4258-2-1024x671.webp)\"><\/div>\n\t\t\t\t\t<div class=\"content\">\n\t\t\t\t\t\t<h6 class=\"title\">Roter Salon<\/h6>\n\t\t\t\t\t<\/div>\n\t\t\t\t\t<a href=\"https:\/\/www.teichhotel.de\/wp-content\/uploads\/2021\/12\/DSC4258-2.webp\" class=\"link\" data-size=\"2512x1646\" data-magic-cursor=\"link-w-text\" data-magic-cursor-text=\"Ansehen\" data-id=\"5\"><\/a>\t\t\t\t<\/div>\n\t\t\t<\/article>\n\t\t\t\t\t<article class=\"portfolio-item swiper-slide popup-item\">\n\t\t\t\t<div class=\"wrap\">\n\t\t\t\t\t\t\t\t\t\t\t<div class=\"with-video\"><\/div>\n\t\t\t\t\t\t\t\t\t\t<div class=\"icon base-icon-plus\"><\/div>\n\t\t\t\t\t<div class=\"img\" style=\"background-image: url(https:\/\/www.teichhotel.de\/wp-content\/uploads\/2021\/12\/DSC4284-1024x805.webp)\"><\/div>\n\t\t\t\t\t<div class=\"content\">\n\t\t\t\t\t\t<h6 class=\"title\">Gr\u00fcner Salon<\/h6>\n\t\t\t\t\t<\/div>\n\t\t\t\t\t<a href=\"#\" class=\"link\" data-type=\"video\" data-size=\"1920x1080\" data-video='<div class=\"wrapper\"><div class=\"video-wrapper\"><iframe loading=\"lazy\" class=\"pswp__video\" width=\"1920\" height=\"1080\" src=\"https:\/\/youtube.com\/embed\/8plwv25NYRo\" frameborder=\"0\" allowfullscreen=\"\"><\/iframe><\/div><\/div>' data-magic-cursor=\"link-w-text\" data-magic-cursor-text=\"\" data-id=\"6\"><\/a>\t\t\t\t<\/div>\n\t\t\t<\/article>\n\t\t\t\t\t<article class=\"portfolio-item swiper-slide popup-item\">\n\t\t\t\t<div class=\"wrap\">\n\t\t\t\t\t\t\t\t\t\t<div class=\"icon base-icon-plus\"><\/div>\n\t\t\t\t\t<div class=\"img\" style=\"background-image: url(https:\/\/www.teichhotel.de\/wp-content\/uploads\/2021\/12\/DSC4265-1024x690.jpg)\"><\/div>\n\t\t\t\t\t<div class=\"content\">\n\t\t\t\t\t\t<h6 class=\"title\">Restaurant<\/h6>\n\t\t\t\t\t<\/div>\n\t\t\t\t\t<a href=\"https:\/\/www.teichhotel.de\/wp-content\/uploads\/2021\/12\/DSC4265-scaled.jpg\" class=\"link\" data-size=\"2560x1725\" data-magic-cursor=\"link-w-text\" data-magic-cursor-text=\"Ansehen\" data-id=\"7\"><\/a>\t\t\t\t<\/div>\n\t\t\t<\/article>\n\t\t\t\t\t<article class=\"portfolio-item swiper-slide popup-item\">\n\t\t\t\t<div class=\"wrap\">\n\t\t\t\t\t\t\t\t\t\t<div class=\"icon base-icon-plus\"><\/div>\n\t\t\t\t\t<div class=\"img\" style=\"background-image: url(https:\/\/www.teichhotel.de\/wp-content\/uploads\/2010\/01\/111.jpg)\"><\/div>\n\t\t\t\t\t<div class=\"content\">\n\t\t\t\t\t\t<h6 class=\"title\">WunderBar<\/h6>\n\t\t\t\t\t<\/div>\n\t\t\t\t\t<a href=\"https:\/\/www.teichhotel.de\/wp-content\/uploads\/2010\/01\/111.jpg\" class=\"link\" data-size=\"910x682\" data-magic-cursor=\"link-w-text\" data-magic-cursor-text=\"Ansehen\" data-id=\"8\"><\/a>\t\t\t\t<\/div>\n\t\t\t<\/article>\n\t\t\t\t\t<article class=\"portfolio-item swiper-slide popup-item\">\n\t\t\t\t<div class=\"wrap\">\n\t\t\t\t\t\t\t\t\t\t<div class=\"icon base-icon-plus\"><\/div>\n\t\t\t\t\t<div class=\"img\" style=\"background-image: url(https:\/\/www.teichhotel.de\/wp-content\/uploads\/2016\/01\/Ansichten_SM09_Nacht_003-1024x734.jpg)\"><\/div>\n\t\t\t\t\t<div class=\"content\">\n\t\t\t\t\t\t<h6 class=\"title\">Schmalkalden<\/h6>\n\t\t\t\t\t<\/div>\n\t\t\t\t\t<a href=\"https:\/\/www.teichhotel.de\/wp-content\/uploads\/2016\/01\/Ansichten_SM09_Nacht_003.jpg\" class=\"link\" data-size=\"1200x860\" data-magic-cursor=\"link-w-text\" data-magic-cursor-text=\"Ansehen\" data-id=\"9\"><\/a>\t\t\t\t<\/div>\n\t\t\t<\/article>\n\t\t\t\t\t\t\t\t<\/div>\n\t\t\t\t\t<\/div>\n\t\t\t\t<\/div>\n\t\t\t<\/div><\/div><\/div><\/div><div class=\"vc_row-full-width vc_clearfix\"><\/div>\t\t\n\t\t<div data-vc-full-width=\"true\" data-vc-full-width-init=\"false\" class=\"vc_row wpb_row vc_row-fluid vc_row-5f70a6069a2a7\"><div class=\"bg-overlay\">\t\t\t\t\t<\/div>\t\t\n\t\t<div class=\"wpb_column vc_column_container vc_col-sm-12 vc_column_container-5f70a73524089\"><div class=\"bg-overlay\">\t\t\t\t\t<\/div><div class=\"vc_column-inner \"><div class=\"wpb_wrapper\"><div class=\"vc_btn3-container vc_btn3-center vc_custom_1630576471942 vc_do_btn\" ><a class=\"vc_general vc_btn3 vc_btn3-size-lg vc_btn3-shape-rounded vc_btn3-style-modern vc_btn3-block vc_btn3-icon-left vc_btn3-color-danger\" href=\"https:\/\/rooms.ibelsa.com\/de\/webbookingtwo\/7D63EC34-0E3E-376E-DACA-9542E9C7FB9F\/page\" title=\"\" target=\"_blank\"><i class=\"vc_btn3-icon fas fa-key\"><\/i> Verf\u00fcgbarkeit pr\u00fcfen &amp; Aufenthalt buchen<\/a><\/div><\/div><\/div><\/div><\/div><div class=\"vc_row-full-width vc_clearfix\"><\/div>\t\t\n\t\t<div class=\"vc_row wpb_row vc_row-fluid vc_row-5eecb915fae57\">\t\t\n\t\t<div class=\"wpb_column vc_column_container vc_col-sm-12 vc_column_container-69fa167d85e9c\"><div class=\"vc_column-inner \"><div class=\"wpb_wrapper\">      <div class=\"heading-block heading-5f71972ee087d tal h-h4\">\n                  <h4 class=\"h\">Unsere Zimmer im <span>Teichhotel***<\/span>.<\/h4>\n              <\/div>\n    \n\t<div class=\"wpb_text_column wpb_content_element  wpb_text_column-5f719633de60d\" >\n\t\t<div class=\"wpb_wrapper\">\n\t\t\t<p>Unser Hotel verf\u00fcgt \u00fcber 14 Doppelzimmer, davon 3 Zimmer mit getrennten Betten. Drei der Zimmer k\u00f6nnen f\u00fcr bis zu 4 Personen aufgebettet werden. Alle Zimmer sind ausgestattet mit einer Sitzecke, Flachbildfernseher, Telefon, Bad mit WC , Dusche oder Badewanne, F\u00f6n, Kosmetikspiegel, Hand- und Badet\u00fcchern.<\/p>\n\n\t\t<\/div>\n\t<\/div>\n<\/div><\/div><\/div><\/div>\t\t\n\t\t<div class=\"vc_row wpb_row vc_row-fluid vc_row-69fa167d861c1\">\t\t\n\t\t<div class=\"wpb_column vc_column_container vc_col-sm-12 vc_column_container-69fa167d86307\"><div class=\"vc_column-inner \"><div class=\"wpb_wrapper\">\t\t\t\t\t\t\t<div class=\"appartments-carousel rooms-69fa167d8639e popup-gallery gap-on image-type-horizontal type-hidden\">\n\t\t\t\t\t\t\t\t\t\t<div class=\"cot\">\n\t\t\t\t\t\t\t\t\t\t\t\t\t<div class=\"prev base-icon-prev-2\"><\/div>\n\t\t\t\t\t\t\t<div class=\"next base-icon-next-2\"><\/div>\n\t\t\t\t\t\t\t\t\t\t\t\t<div class=\"swiper-container\">\n\t\t\t\t\t\t\t<div class=\"swiper-wrapper\">\n\t\t\t\t\t\t\t\t\t\t<div class=\"booking-item istp-item popup-item swiper-slide\">\n\t\t\t<div class=\"wrap\">\n\t\t\t\t<div class=\"image-block\">\n          \t\t\t\t\t<div class=\"icon base-icon-plus\"><\/div>\n\t\t\t\t\t\t\t\t\t\t\t\t\t\t\t\t\t\t<div class=\"image\" style=\"background-image: url(https:\/\/www.teichhotel.de\/wp-content\/uploads\/2021\/12\/DSC4315-scaled.webp)\">\n\t\t\t\t\t\t\t\t<a href=\"https:\/\/www.teichhotel.de\/wp-content\/uploads\/2021\/12\/DSC4315-scaled.webp\" data-size=\"2560x1377\" data-id=\"1\"><\/a>\n\t\t\t\t\t\t\t<\/div>\n\t\t\t\t\t\t\t\t\t\t\t\t\t\t\t<\/div>\n\t\t\t\t<div class=\"bottom\">\n\t\t\t\t\t<div class=\"top\">\n\t\t\t\t\t\t<div class=\"title\"><a href=\"https:\/\/www.teichhotel.de\/de_de\/accommodation\/einzelzimmer\/\" class=\"permalink\">Einzelzimmer inkl. Fr\u00fchst\u00fcck<\/a><\/div>\n\t\t\t\t\t\t<div class=\"price\"><span class=\"mphb-price\">95<span class=\"mphb-currency\">&euro;<\/span><\/span> <span class=\"mphb-price-period\" title=\"W\u00e4hlen Sie Daten, um relevante Preise zu sehen\">pro Nacht<\/span><\/div>\n\t\t\t\t\t<\/div>\n\t\t\t\t\t<div class=\"attributes\">\n\t\t\t\t\t\t<div class=\"row\">\n\t\t\t\t\t\t\t<div class=\"col-12 col-sm-6\"><i class=\"hotel-icon-double-bed\"><\/i><span>90x180cm<\/span><\/div>\n\t\t\t\t\t\t\t\t\t\t\t\t\t\t<div class=\"col-12 col-sm-6\">\n\t\t\t\t\t\t\t\t<i class=\"hotel-icon-airport\"><\/i>\n\t\t\t\t\t\t\t\t<span>\n\t\t\t\t\t\t\t\t\t1 Adult\t\t\t\t\t\t\t\t<\/span>\n\t\t\t\t\t\t\t<\/div>\n\t\t\t\t\t\t\t\t\t\t\t\t\t\t<div class=\"col-12 col-sm-6\"><i class=\"hotel-icon-house-plan-scale\"><\/i><span>45 m\u00b2<\/span><\/div>\n\t\t\t\t\t\t\t<div class=\"col-12 col-sm-6\"><i class=\"hotel-icon-building\"><\/i><span>City view<\/span><\/div>\n\t\t\t\t\t\t<\/div>\n\t\t\t\t\t<\/div>\n\t\t\t\t\t<div class=\"open-attributes button-style2\">View Details<\/div>\n          \t\t\t\t<\/div>\n\t\t\t<\/div>\n\t\t<\/div>\n\t\t\t\t<div class=\"booking-item istp-item popup-item swiper-slide\">\n\t\t\t<div class=\"wrap\">\n\t\t\t\t<div class=\"image-block\">\n          \t\t\t\t\t<div class=\"icon base-icon-plus\"><\/div>\n\t\t\t\t\t\t\t\t\t\t\t\t\t\t\t\t\t\t<div class=\"image\" style=\"background-image: url(https:\/\/www.teichhotel.de\/wp-content\/uploads\/2021\/12\/DSC4304-scaled.webp)\">\n\t\t\t\t\t\t\t\t<a href=\"https:\/\/www.teichhotel.de\/wp-content\/uploads\/2021\/12\/DSC4304-scaled.webp\" data-size=\"2560x1771\" data-id=\"2\"><\/a>\n\t\t\t\t\t\t\t<\/div>\n\t\t\t\t\t\t\t\t\t\t\t\t\t\t\t<\/div>\n\t\t\t\t<div class=\"bottom\">\n\t\t\t\t\t<div class=\"top\">\n\t\t\t\t\t\t<div class=\"title\"><a href=\"https:\/\/www.teichhotel.de\/de_de\/accommodation\/doppelzimmer\/\" class=\"permalink\">Doppelzimmer inkl. Fr\u00fchst\u00fcck<\/a><\/div>\n\t\t\t\t\t\t<div class=\"price\"><span class=\"mphb-price\">126<span class=\"mphb-currency\">&euro;<\/span><\/span> <span class=\"mphb-price-period\" title=\"W\u00e4hlen Sie Daten, um relevante Preise zu sehen\">pro Nacht<\/span><\/div>\n\t\t\t\t\t<\/div>\n\t\t\t\t\t<div class=\"attributes\">\n\t\t\t\t\t\t<div class=\"row\">\n\t\t\t\t\t\t\t<div class=\"col-12 col-sm-6\"><i class=\"hotel-icon-double-bed\"><\/i><span>180x200cm<\/span><\/div>\n\t\t\t\t\t\t\t\t\t\t\t\t\t\t<div class=\"col-12 col-sm-6\">\n\t\t\t\t\t\t\t\t<i class=\"hotel-icon-airport\"><\/i>\n\t\t\t\t\t\t\t\t<span>\n\t\t\t\t\t\t\t\t\t2 Adults \t\t\t\t\t\t\t\t<\/span>\n\t\t\t\t\t\t\t<\/div>\n\t\t\t\t\t\t\t\t\t\t\t\t\t\t<div class=\"col-12 col-sm-6\"><i class=\"hotel-icon-house-plan-scale\"><\/i><span>45 m\u00b2<\/span><\/div>\n\t\t\t\t\t\t\t<div class=\"col-12 col-sm-6\"><i class=\"hotel-icon-building\"><\/i><span><\/span><\/div>\n\t\t\t\t\t\t<\/div>\n\t\t\t\t\t<\/div>\n\t\t\t\t\t<div class=\"open-attributes button-style2\">View Details<\/div>\n          \t\t\t\t<\/div>\n\t\t\t<\/div>\n\t\t<\/div>\n\t\t\t\t\t\t\t\t\t<\/div>\n\t\t\t\t\t\t<\/div>\n\t\t\t\t\t<\/div>\n\t\t\t\t<\/div>\n\t\t\t<\/div><\/div><\/div><\/div>\t\t\n\t\t<div class=\"vc_row wpb_row vc_row-fluid vc_row-69fa167d968c5\">\t\t\n\t\t<div class=\"wpb_column vc_column_container vc_col-sm-12 vc_column_container-69fa167d96a9c\"><div class=\"vc_column-inner \"><div class=\"wpb_wrapper\">      <div class=\"heading-block heading-69fa167d96b91 tal h-h4\">\n                  <h4 class=\"h\">Fr\u00fchst\u00fcck im <span>Teichhotel***<\/span>.<\/h4>\n              <\/div>\n    \n\t<div class=\"wpb_text_column wpb_content_element  wpb_text_column-\" >\n\t\t<div class=\"wpb_wrapper\">\n\t\t\t<p><b>Genussvoll in den Tag starten.<\/b><\/p>\n<p><span style=\"font-weight: 400;\">Beginnen Sie jeden Tag Ihres Aufenthaltes im Teichhotel*** mit einem k\u00f6stlichen Fr\u00fchst\u00fcck! Ob leicht und ausgewogen oder gern auch mal deftig \u2013 es ist f\u00fcr alles vorgesorgt.\u00a0<\/span><\/p>\n<p><b>Die Basis f\u00fcr einen gelungenen Tag.<\/b><\/p>\n<p><span style=\"font-weight: 400;\">Wer viel vorhat, braucht Energie! Ein ausgewogenes Fr\u00fchst\u00fcck ist der ideale Grundstein f\u00fcr einen guten Start in den Tag.\u00a0 <\/span><\/p>\n<p><span style=\"font-weight: 400;\">Im Teichhotel*** in Schmalkalden st\u00e4rken Sie sich am reichhaltigen Fr\u00fchst\u00fccksbuffet. Tee- und Kaffeespezialit\u00e4ten, S\u00e4fte, eine M\u00fcsliecke mit frischem Obst, Geb\u00e4ck, Wurst- und K\u00e4sevariationen sowie frisch gekochte und gebratene Eier, lassen einem das Wasser im Mund zusammenlaufen. Damit Fr\u00fchaufsteher und Langschl\u00e4fer gleicherma\u00dfen zu ihrem Fr\u00fchst\u00fcck kommen, ist das <strong>Fr\u00fchst\u00fccksbuffet im Teichhotel*** von 7:00 bis 10:00 Uhr<\/strong> ge\u00f6ffnet.<\/span><\/p>\n\n\t\t<\/div>\n\t<\/div>\n<\/div><\/div><\/div><\/div>\t\t\n\t\t<div class=\"vc_row wpb_row vc_row-fluid vc_row-5ef19ce19781d\">\t\t\n\t\t<div class=\"wpb_column vc_column_container vc_col-sm-12 vc_column_container-69fa167d9707d\"><div class=\"vc_column-inner \"><div class=\"wpb_wrapper\">      <div class=\"heading-block heading-5ef19a6c459f5 tal h-h4\">\n                  <h4 class=\"h\">G\u00e4stemeinungen.<\/h4>\n              <\/div>\n        <div class=\"testimonials-slider testimonials-block-5ef0b6f2297d4\">\n              <div class=\"prev base-icon-prev-2\"><\/div>\n        <div class=\"next base-icon-next-2\"><\/div>\n            <div class=\"swiper-container\">\n        <div class=\"swiper-wrapper\">\n                <div class=\"testimonial-item swiper-slide testimonials-item-5ef18ab216eee with-avatar\">\n        <div class=\"top\">\n                      <div class=\"avatar\" style=\"background-image: url(https:\/\/www.teichhotel.de\/wp-content\/uploads\/woocommerce-placeholder.png);\"><\/div>\n                    <div class=\"content\">\n                          <div class=\"name\">Sabine<\/div>\n                          <div class=\"post\">booking.com<\/div>\n                        <div class=\"rate\">\n              <i class=\"base-icon-star active\"><\/i>\n              <i class=\"base-icon-star active\"><\/i>\n              <i class=\"base-icon-star active\"><\/i>\n              <i class=\"base-icon-star active\"><\/i>\n              <i class=\"base-icon-star active\"><\/i>\n            <\/div>\n          <\/div>\n        <\/div>\n        <div class=\"quote\">\n          Sehr sch\u00f6nes Zimmer mit gro\u00dfem Tageslichtbad und Moskitonetzen, ruhig und doch zentral gelegen. 50 m vom Radweg entfernt. Leckeres Fr\u00fchst\u00fcck.        <\/div>\n      <\/div>\n          <div class=\"testimonial-item swiper-slide testimonials-item-5ef18b26f7a8e with-avatar\">\n        <div class=\"top\">\n                      <div class=\"avatar\" style=\"background-image: url(https:\/\/www.teichhotel.de\/wp-content\/uploads\/woocommerce-placeholder.png);\"><\/div>\n                    <div class=\"content\">\n                          <div class=\"name\">Helmut<\/div>\n                          <div class=\"post\">booking.com<\/div>\n                        <div class=\"rate\">\n              <i class=\"base-icon-star active\"><\/i>\n              <i class=\"base-icon-star active\"><\/i>\n              <i class=\"base-icon-star active\"><\/i>\n              <i class=\"base-icon-star active\"><\/i>\n              <i class=\"base-icon-star active\"><\/i>\n            <\/div>\n          <\/div>\n        <\/div>\n        <div class=\"quote\">\n          Fr\u00fchst\u00fcck gut und viel Auswahl. Anfahrt zeigte das Navi nicht die Einbahnstra\u00dfe an.<br \/>\nFreundlich und hilfsbereit bei der Fahrrad Unterstellm\u00f6glichkeit.        <\/div>\n      <\/div>\n          <div class=\"testimonial-item swiper-slide testimonials-item-5ef18b3d2b206 with-avatar\">\n        <div class=\"top\">\n                      <div class=\"avatar\" style=\"background-image: url(https:\/\/www.teichhotel.de\/wp-content\/uploads\/woocommerce-placeholder.png);\"><\/div>\n                    <div class=\"content\">\n                          <div class=\"name\">Melanie<\/div>\n                          <div class=\"post\">holidaycheck.de<\/div>\n                        <div class=\"rate\">\n              <i class=\"base-icon-star active\"><\/i>\n              <i class=\"base-icon-star active\"><\/i>\n              <i class=\"base-icon-star active\"><\/i>\n              <i class=\"base-icon-star active\"><\/i>\n              <i class=\"base-icon-star active\"><\/i>\n            <\/div>\n          <\/div>\n        <\/div>\n        <div class=\"quote\">\n          Sch\u00f6nes Hotel. Ruhig gelegen., N\u00e4he zur Stadtmitte trotzdem gegeben.<br \/>\nSaubere Zimmer, freundliches Personal, leckeres Fr\u00fchst\u00fcck        <\/div>\n      <\/div>\n            <\/div>\n      <\/div>\n              <div class=\"swiper-dots\"><\/div>\n          <\/div>\n    <\/div><\/div><\/div><\/div>\n<\/div>","protected":false},"excerpt":{"rendered":"","protected":false},"author":1,"featured_media":0,"parent":0,"menu_order":2,"comment_status":"closed","ping_status":"closed","template":"template-landing.php","meta":{"_acf_changed":false,"footnotes":"","_links_to":"","_links_to_target":""},"class_list":["post-25","page","type-page","status-publish","hentry"],"acf":[],"aioseo_notices":[],"_links":{"self":[{"href":"https:\/\/www.teichhotel.de\/de_de\/wp-json\/wp\/v2\/pages\/25","targetHints":{"allow":["GET"]}}],"collection":[{"href":"https:\/\/www.teichhotel.de\/de_de\/wp-json\/wp\/v2\/pages"}],"about":[{"href":"https:\/\/www.teichhotel.de\/de_de\/wp-json\/wp\/v2\/types\/page"}],"author":[{"embeddable":true,"href":"https:\/\/www.teichhotel.de\/de_de\/wp-json\/wp\/v2\/users\/1"}],"replies":[{"embeddable":true,"href":"https:\/\/www.teichhotel.de\/de_de\/wp-json\/wp\/v2\/comments?post=25"}],"version-history":[{"count":19,"href":"https:\/\/www.teichhotel.de\/de_de\/wp-json\/wp\/v2\/pages\/25\/revisions"}],"predecessor-version":[{"id":3596,"href":"https:\/\/www.teichhotel.de\/de_de\/wp-json\/wp\/v2\/pages\/25\/revisions\/3596"}],"wp:attachment":[{"href":"https:\/\/www.teichhotel.de\/de_de\/wp-json\/wp\/v2\/media?parent=25"}],"curies":[{"name":"wp","href":"https:\/\/api.w.org\/{rel}","templated":true}]}}