{"id":3414,"date":"2020-09-28T07:53:30","date_gmt":"2020-09-28T06:53:30","guid":{"rendered":"https:\/\/www.teichhotel.de\/?page_id=3414"},"modified":"2026-04-12T17:18:25","modified_gmt":"2026-04-12T16:18:25","slug":"restaurant","status":"publish","type":"page","link":"https:\/\/www.teichhotel.de\/de_de\/restaurant\/","title":{"rendered":"Restaurant"},"content":{"rendered":"<div class=\"wpb-content-wrapper\"><div class=\"vc_row wpb_row vc_row-fluid vc_row-69fdd292163a3\">\t\t\n\t\t<div class=\"wpb_column vc_column_container vc_col-sm-12 vc_column_container-69fdd292167a3\"><div class=\"vc_column-inner \"><div class=\"wpb_wrapper\">      <div class=\"heading-block heading-5ef07ddbb10d8 tal h-h4\">\n                  <h4 class=\"h\">Genie\u00dfen im Teichhotel.<\/h4>\n              <\/div>\n        <div class=\"tabs-block tabs-block-5ef0b4c6aaa49 \">\r\n      <div class=\"tab-nav\">\r\n        <div class=\"prev base-icon-prev\"><\/div>\r\n        <div class=\"next base-icon-next\"><\/div>\r\n        <div class=\"swiper-container\">\r\n          <div class=\"swiper-wrapper\">\r\n                          <div class=\"swiper-slide\">Restaurant<\/div>\r\n                          <div class=\"swiper-slide\">Fr\u00fchst\u00fcck<\/div>\r\n                          <div class=\"swiper-slide\">Catering<\/div>\r\n                          <div class=\"swiper-slide\">Feiern &amp; Events<\/div>\r\n                          <div class=\"swiper-slide\">Trauercaf\u00e9<\/div>\r\n                      <\/div>\r\n        <\/div>\r\n      <\/div>\r\n      <div class=\"tab-content swiper-container\">\r\n        <div class=\"swiper-wrapper\">      <div class=\"swiper-slide with-image\">\r\n                  <div class=\"image\" style=\"background-image: url(https:\/\/www.teichhotel.de\/wp-content\/uploads\/2021\/12\/DSC4265-scaled.webp);\"><\/div>\r\n          <div class=\"content\">\n\t<div class=\"wpb_text_column wpb_content_element  text-t1 wpb_text_column-5ef0811293606\" >\n\t\t<div class=\"wpb_wrapper\">\n\t\t\t<p><span style=\"font-weight: 400;\">Feine Fischgerichte, Hausmannskost, Leckeres aus der Pfanne. Wir kochen f\u00fcr Sie saisonal und regional. Unser Restaurant teilt sich in drei geschmackvoll eingerichtete R\u00e4ume auf und bietet Platz f\u00fcr ca. 80 Personen, die Gem\u00fctlichkeit und Individualit\u00e4t vermitteln. Jeder Raum ist mit viel Liebe zum Detail eingerichtet. Hier verweilt man auch nach dem Essen noch gern und sitzt bei einem Glas Wein oder einem Kaffee zusammen. Bei sch\u00f6nem Wetter l\u00e4dt unser kleiner aber feiner Biergarten, mit Platz f\u00fcr bis zu 30 Personen, zum Entspannen ein. Ob f\u00fcr das Abendessen zu zweit oder die Familienfeier, wir vom Teichhotel werden alles daf\u00fcr tun, dass Ihr Aufenthalt in unserem Restaurant ein Erlebnis wird. Von \u00e0 la carte, Halbpension bis zum Vier-G\u00e4nge-Men\u00fc bieten wir alles und nat\u00fcrlich in Topqualit\u00e4t. Frische Zutaten, wo immer m\u00f6glich, aus dem \u00fcberreichen saisonalen Angebot der Region, veredeln jedes Gericht und das schmeckt man einfach.<\/span><\/p>\n\n\t\t<\/div>\n\t<\/div>\n\t\t<div class=\"working-hours working-hours-5ef08f826230f\">\n\t\t\t\t\t\t\t<div class=\"title\">\u00d6ffnungszeiten<\/div>\n\t\t\t\t\t\t<div class=\"items\">\n\t\t\t\t\t\t\t\t\t<div class=\"item\">\n\t\t\t\t\t\t\t\t\t\t\t\t\t<div class=\"label\">Mittwoch<\/div>\n\t\t\t\t\t\t\t\t\t\t\t\t\t<div class=\"value\">16:00 - 23:00 Uhr<\/div>\n\t\t\t\t\t\t\t\t\t\t\t\t\t<a class=\"button-style1 small\" href=\"#\" target=\"_self\">Jetzt einen Tisch reservieren<\/a>\n\t\t\t\t\t\t\t\t\t\t\t<\/div>\n\t\t\t\t\t\t\t\t\t<div class=\"item\">\n\t\t\t\t\t\t\t\t\t\t\t\t\t<div class=\"label\">Donnerstag<\/div>\n\t\t\t\t\t\t\t\t\t\t\t\t\t<div class=\"value\">16:00 - 23:00 Uhr<\/div>\n\t\t\t\t\t\t\t\t\t\t\t\t\t<a class=\"button-style1 small\" href=\"#\" target=\"_self\">Jetzt einen Tisch reservieren<\/a>\n\t\t\t\t\t\t\t\t\t\t\t<\/div>\n\t\t\t\t\t\t\t\t\t<div class=\"item\">\n\t\t\t\t\t\t\t\t\t\t\t\t\t<div class=\"label\">Freitag<\/div>\n\t\t\t\t\t\t\t\t\t\t\t\t\t<div class=\"value\">16:00 - 23:00 Uhr<\/div>\n\t\t\t\t\t\t\t\t\t\t\t\t\t<a class=\"button-style1 small\" href=\"#\" target=\"_self\">Jetzt einen Tisch reservieren<\/a>\n\t\t\t\t\t\t\t\t\t\t\t<\/div>\n\t\t\t\t\t\t\t\t\t<div class=\"item\">\n\t\t\t\t\t\t\t\t\t\t\t\t\t<div class=\"label\">Samstag<\/div>\n\t\t\t\t\t\t\t\t\t\t\t\t\t<div class=\"value\">16:00 - 24:00 Uhr<\/div>\n\t\t\t\t\t\t\t\t\t\t\t\t\t<a class=\"button-style1 small\" href=\"#\" target=\"_self\">Jetzt einen Tisch reservieren<\/a>\n\t\t\t\t\t\t\t\t\t\t\t<\/div>\n\t\t\t\t\t\t\t\t\t<div class=\"item\">\n\t\t\t\t\t\t\t\t\t\t\t\t\t<div class=\"label\">Sonntag<\/div>\n\t\t\t\t\t\t\t\t\t\t\t\t\t<div class=\"value\">11:30 - 14:00 Uhr und 16:00 - 23:00 Uhr<\/div>\n\t\t\t\t\t\t\t\t\t\t\t\t\t<a class=\"button-style1 small\" href=\"#\" target=\"_self\">Jetzt einen Tisch reservieren<\/a>\n\t\t\t\t\t\t\t\t\t\t\t<\/div>\n\t\t\t\t\t\t\t\t\t<div class=\"item\">\n\t\t\t\t\t\t\t\t\t\t\t\t\t<div class=\"label\">Dienstag<\/div>\n\t\t\t\t\t\t\t\t\t\t\t\t\t<div class=\"value\">Ruhetag<\/div>\n\t\t\t\t\t\t\t\t\t\t\t\t\t<a class=\"button-style1 small\" href=\"#\" target=\"_self\">Jetzt einen Tisch reservieren<\/a>\n\t\t\t\t\t\t\t\t\t\t\t<\/div>\n\t\t\t\t\t\t\t<\/div>\n\t\t<\/div>\n\t\t\n\t<div class=\"wpb_text_column wpb_content_element  text-t1 wpb_text_column-633d1e7bd7110\" >\n\t\t<div class=\"wpb_wrapper\">\n\t\t\t<p>Am 24.12. bleibt unser Restaurant geschlossen.<\/p>\n\n\t\t<\/div>\n\t<\/div>\n      <div class=\"button-container button-5ef090fb2951b left\">\n        <a class=\"button-style2\" href=\"https:\/\/www.teichhotel.de\/tischreservierung\/\" target=\"_self\">\n          <span>zur Tischreservierung<\/span>\n                      <i class=\"base-icon-next-2\"><\/i>\n                  <\/a>\n      <\/div>\n    <\/div>\r\n                \r\n      <\/div>\r\n          <div class=\"swiper-slide with-image\">\r\n                  <div class=\"image\" style=\"background-image: url(https:\/\/www.teichhotel.de\/wp-content\/uploads\/2021\/12\/DSC4297_1-scaled.webp);\"><\/div>\r\n          <div class=\"content\">\n\t<div class=\"wpb_text_column wpb_content_element  text-t1 wpb_text_column-5f71987f6384d\" >\n\t\t<div class=\"wpb_wrapper\">\n\t\t\t<p><b>Die Basis f\u00fcr einen gelungenen Tag.<\/b><\/p>\n<p><span style=\"font-weight: 400;\">Wer viel vorhat, braucht Energie! Ein ausgewogenes Fr\u00fchst\u00fcck ist der ideale Grundstein f\u00fcr einen guten Start in den Tag.\u00a0 <\/span><\/p>\n<p><span style=\"font-weight: 400;\">Im Teichhotel*** in Schmalkalden st\u00e4rken Sie sich am reichhaltigen Fr\u00fchst\u00fccksbuffet. Tee- und Kaffeespezialit\u00e4ten, S\u00e4fte, eine M\u00fcsliecke mit frischem Obst, Geb\u00e4ck, Wurst- und K\u00e4sevariationen sowie frisch gekochte und gebratene Eier, lassen einem das Wasser im Mund zusammenlaufen. Damit Fr\u00fchaufsteher und Langschl\u00e4fer gleicherma\u00dfen zu ihrem Fr\u00fchst\u00fcck kommen, ist das <strong>Fr\u00fchst\u00fccksbuffet im Teichhotel*** von 7:00 bis 10:00 Uhr<\/strong> ge\u00f6ffnet. Das Fr\u00fchst\u00fcck kostet f\u00fcr unsere \u00dcbernachtungsg\u00e4ste 13,00 \u20ac pro Person und ist bereits im \u00dcbernachtungspreis enthalten.<\/span><\/p>\n<p><strong>Fr\u00fchst\u00fcck f\u00fcr G\u00e4ste von ausw\u00e4rts<\/strong><\/p>\n<p>Sie m\u00fcssen nicht unbedingt Gast im Hotel Teichhotel sein, um sich an unserem Fr\u00fchst\u00fccksbuffet bedienen zu k\u00f6nnen. F\u00fcr nur 15,00\u20ac pro Person d\u00fcrfen auch Sie sich schon am Morgen verw\u00f6hnen lassen. Reservieren sie einfach bis einen Tag vorher, einen Tisch bei uns .<\/p>\n\n\t\t<\/div>\n\t<\/div>\n\t\t<div class=\"working-hours working-hours-5f719a068d5a3\">\n\t\t\t\t\t\t\t<div class=\"title\">Fr\u00fchst\u00fcckszeiten<\/div>\n\t\t\t\t\t\t<div class=\"items\">\n\t\t\t\t\t\t\t\t\t<div class=\"item\">\n\t\t\t\t\t\t\t\t\t\t\t\t\t<div class=\"label\">t\u00e4glich<\/div>\n\t\t\t\t\t\t\t\t\t\t\t\t\t<div class=\"value\">07:00 - 10:00 Uhr<\/div>\n\t\t\t\t\t\t\t\t\t\t\t\t\t<a class=\"button-style1 small\" href=\"#\" target=\"_self\">Jetzt einen Tisch reservieren<\/a>\n\t\t\t\t\t\t\t\t\t\t\t<\/div>\n\t\t\t\t\t\t\t<\/div>\n\t\t<\/div>\n\t\t<\/div>\r\n                \r\n      <\/div>\r\n          <div class=\"swiper-slide with-image\">\r\n                  <div class=\"image\" style=\"background-image: url(https:\/\/www.teichhotel.de\/wp-content\/uploads\/2010\/01\/121.jpg);\"><\/div>\r\n          <div class=\"content\">\n\t<div class=\"wpb_text_column wpb_content_element  text-t1 wpb_text_column-5ef0a2c953727\" >\n\t\t<div class=\"wpb_wrapper\">\n\t\t\t<p>Bestes aus einer Hand, mit unserer langj\u00e4hrigen Erfahrung als Catering-Unternehmen verf\u00fcgen wir \u00fcber all das, was Ihre Veranstaltung zu einem erfolgreichen und unvergesslichen Erlebnis werden l\u00e4sst. Wir freuen uns auf Ihre Anfrage.<\/p>\n\n\t\t<\/div>\n\t<\/div>\n\t\t<div class=\"working-hours working-hours-5ef0a885a5006\">\n\t\t\t\t\t\t\t<div class=\"title\">Wir \u00fcbernehmen das Catering f\u00fcr Ihre Veranstaltung<\/div>\n\t\t\t\t\t\t<div class=\"items\">\n\t\t\t\t\t\t\t\t\t<div class=\"item\">\n\t\t\t\t\t\t\t\t\t\t\t\t\t<div class=\"label\">ganzj\u00e4hrig<\/div>\n\t\t\t\t\t\t\t\t\t\t\t\t\t<div class=\"value\">auf Bestellung<\/div>\n\t\t\t\t\t\t\t\t\t\t\t<\/div>\n\t\t\t\t\t\t\t<\/div>\n\t\t<\/div>\n\t\t      <div class=\"button-container button-5f70d67bb7b8e left\">\n        <a class=\"button-style2\" href=\"https:\/\/www.teichhotel.de\/de_de\/kontakt\/\" target=\"_self\">\n          <span>Jetzt anfragen<\/span>\n                      <i class=\"base-icon-next-2\"><\/i>\n                  <\/a>\n      <\/div>\n    <\/div>\r\n                \r\n      <\/div>\r\n          <div class=\"swiper-slide with-image\">\r\n                  <div class=\"image\" style=\"background-image: url(https:\/\/www.teichhotel.de\/wp-content\/uploads\/2021\/12\/DSC4343-scaled.webp);\"><\/div>\r\n          <div class=\"content\">\n\t<div class=\"wpb_text_column wpb_content_element  text-t1 wpb_text_column-5f70e486f599e\" >\n\t\t<div class=\"wpb_wrapper\">\n\t\t\t<p>Wir unterst\u00fctzen Sie bei der Durchf\u00fchrung Ihrer Feierlichkeit. Neben dem Festlegen des Men\u00fcs, der Getr\u00e4nke und anderer Details, helfen wir Ihnen &#8211; in Verbindung mit einem Catering aus unserem Hause &#8211; auch beim Finden einer passenden R\u00e4umlichkeit.<\/p>\n\n\t\t<\/div>\n\t<\/div>\n\t\t<div class=\"working-hours working-hours-5f70e4ae855c5\">\n\t\t\t\t\t\t\t<div class=\"title\">Ihre Feier in guten H\u00e4nden<\/div>\n\t\t\t\t\t\t<div class=\"items\">\n\t\t\t\t\t\t\t\t\t<div class=\"item\">\n\t\t\t\t\t\t\t\t\t\t\t\t\t<div class=\"label\">ganzj\u00e4hrig<\/div>\n\t\t\t\t\t\t\t\t\t\t\t\t\t<div class=\"value\">nach Vereinbarung<\/div>\n\t\t\t\t\t\t\t\t\t\t\t<\/div>\n\t\t\t\t\t\t\t<\/div>\n\t\t<\/div>\n\t\t      <div class=\"button-container button-5f7192d51b3c1 left\">\n        <a class=\"button-style2\" href=\"https:\/\/www.teichhotel.de\/de_de\/kontakt\/\" target=\"_self\">\n          <span>Jetzt anfragen<\/span>\n                      <i class=\"base-icon-next-2\"><\/i>\n                  <\/a>\n      <\/div>\n    <\/div>\r\n                \r\n      <\/div>\r\n          <div class=\"swiper-slide with-image\">\r\n                  <div class=\"image\" style=\"background-image: url(https:\/\/www.teichhotel.de\/wp-content\/uploads\/2026\/02\/Bild1.jpg);\"><\/div>\r\n          <div class=\"content\">\n\t<div class=\"wpb_text_column wpb_content_element  text-t1 wpb_text_column-698442ce13d40\" >\n\t\t<div class=\"wpb_wrapper\">\n\t\t\t<p>Nach der Trauerfeier bietet ein gemeinsames Beisammensein Raum f\u00fcr Erinnerungen und stille Gespr\u00e4che. Im Teichhotel in Schmalkalden schaffen wir daf\u00fcr einen gesch\u00fctzten Rahmen in ruhiger Atmosph\u00e4re. Ob eine schlichte Kaffeetafel oder eine individuell abgestimmte Bewirtung \u2013 unser erfahrenes Team begleitet Sie und Ihre G\u00e4ste mit Herz und Erfahrung. So entsteht ein Ort, an dem gemeinsames Gedenken m\u00f6glich ist.<\/p>\n\n\t\t<\/div>\n\t<\/div>\n\t\t<div class=\"working-hours working-hours-69844326ea8ab\">\n\t\t\t\t\t\t\t<div class=\"title\">Trauerbewirtung t\u00e4glich m\u00f6glich.<\/div>\n\t\t\t\t\t\t<div class=\"items\">\n\t\t\t\t\t\t\t\t\t<div class=\"item\">\n\t\t\t\t\t\t\t\t\t\t\t\t\t<div class=\"label\">Wir bitten um vorherige Terminabsprache.<\/div>\n\t\t\t\t\t\t\t\t\t\t\t<\/div>\n\t\t\t\t\t\t\t<\/div>\n\t\t<\/div>\n\t\t      <div class=\"button-container button-69fdd292197f6 left\">\n        <a class=\"button-style2\" href=\"https:\/\/www.teichhotel.de\/de_de\/kontakt\/\" target=\"_self\">\n          <span>Jetzt anfragen<\/span>\n                      <i class=\"base-icon-next-2\"><\/i>\n                  <\/a>\n      <\/div>\n    <\/div>\r\n                \r\n      <\/div>\r\n    <\/div>\r\n      <\/div>\r\n    <\/div>\r\n    <\/div><\/div><\/div><\/div>\t\t\n\t\t<div class=\"vc_row wpb_row vc_row-fluid vc_row-69fdd29219c22\">\t\t\n\t\t<div class=\"wpb_column vc_column_container vc_col-sm-12 vc_column_container-69fdd29219d80\"><div class=\"vc_column-inner \"><div class=\"wpb_wrapper\"><h2 style=\"text-align: left\" class=\"vc_custom_heading vc_do_custom_heading\" >Speisekarte<\/h2><div class=\"vc_tta-container\" data-vc-action=\"collapse\"><div class=\"vc_general vc_tta vc_tta-tabs vc_tta-color-grey vc_tta-style-classic vc_tta-shape-rounded vc_tta-spacing-1 vc_tta-tabs-position-top vc_tta-controls-align-left\"><div class=\"vc_tta-tabs-container\"><ul class=\"vc_tta-tabs-list\" role=\"tablist\"><li class=\"vc_tta-tab vc_active\" data-vc-tab role=\"presentation\"><a href=\"#1773994940760-3fe42b45-01d9\" data-vc-tabs data-vc-container=\".vc_tta\" role=\"tab\" aria-selected=\"false\" id=\"tab-1773994940760-3fe42b45-01d9\"><i class=\"vc_tta-icon vc-material vc-material-restaurant_menu\"><\/i><span class=\"vc_tta-title-text\">Vorspeisen<\/span><\/a><\/li><li class=\"vc_tta-tab\" data-vc-tab role=\"presentation\"><a href=\"#1773994940770-629bd8e6-cd8a\" data-vc-tabs data-vc-container=\".vc_tta\" role=\"tab\" aria-selected=\"false\" id=\"tab-1773994940770-629bd8e6-cd8a\"><i class=\"vc_tta-icon vc-material vc-material-restaurant_menu\"><\/i><span class=\"vc_tta-title-text\">Burger &amp; Speisen (ab 17:00 Uhr)<\/span><\/a><\/li><li class=\"vc_tta-tab\" data-vc-tab role=\"presentation\"><a href=\"#1773995043617-3ce85eb0-33fb\" data-vc-tabs data-vc-container=\".vc_tta\" role=\"tab\" aria-selected=\"false\" id=\"tab-1773995043617-3ce85eb0-33fb\"><i class=\"vc_tta-icon vc-material vc-material-restaurant_menu\"><\/i><span class=\"vc_tta-title-text\">Fleischgerichte<\/span><\/a><\/li><li class=\"vc_tta-tab\" data-vc-tab role=\"presentation\"><a href=\"#1773995085791-37c5af37-b1d2\" data-vc-tabs data-vc-container=\".vc_tta\" role=\"tab\" aria-selected=\"false\" id=\"tab-1773995085791-37c5af37-b1d2\"><i class=\"vc_tta-icon vc-material vc-material-restaurant_menu\"><\/i><span class=\"vc_tta-title-text\">Vegetarisch, Fisch &amp; Desserts<\/span><\/a><\/li><\/ul><\/div><div class=\"vc_tta-panels-container\"><div class=\"vc_tta-panels\"><div class=\"vc_tta-panel vc_active\" id=\"1773994940760-3fe42b45-01d9\" data-vc-content=\".vc_tta-panel-body\"><div class=\"vc_tta-panel-heading\"><h4 class=\"vc_tta-panel-title\"><a href=\"#1773994940760-3fe42b45-01d9\" data-vc-accordion data-vc-container=\".vc_tta-container\"><i class=\"vc_tta-icon vc-material vc-material-restaurant_menu\"><\/i><span class=\"vc_tta-title-text\">Vorspeisen<\/span><\/a><\/h4><\/div><div class=\"vc_tta-panel-body\">\n\t<div class=\"wpb_text_column wpb_content_element  wpb_text_column-69dbc52c8f58c\" >\n\t\t<div class=\"wpb_wrapper\">\n\t\t\t<p style=\"text-align: center;\"><a href=\"https:\/\/www.teichhotel.de\/wp-content\/uploads\/2026\/04\/Vorspeisen-April-26.pdf\" class=\"pdfemb-viewer\" style=\"\" data-width=\"max\" data-height=\"max\" data-toolbar=\"top\" data-toolbar-fixed=\"on\">Vorspeisen April 26<\/a><\/p>\n\n\t\t<\/div>\n\t<\/div>\n<\/div><\/div><div class=\"vc_tta-panel\" id=\"1773994940770-629bd8e6-cd8a\" data-vc-content=\".vc_tta-panel-body\"><div class=\"vc_tta-panel-heading\"><h4 class=\"vc_tta-panel-title\"><a href=\"#1773994940770-629bd8e6-cd8a\" data-vc-accordion data-vc-container=\".vc_tta-container\"><i class=\"vc_tta-icon vc-material vc-material-restaurant_menu\"><\/i><span class=\"vc_tta-title-text\">Burger &amp; Speisen (ab 17:00 Uhr)<\/span><\/a><\/h4><\/div><div class=\"vc_tta-panel-body\">\n\t<div class=\"wpb_text_column wpb_content_element  wpb_text_column-69dbc56fadc8a\" >\n\t\t<div class=\"wpb_wrapper\">\n\t\t\t<p style=\"text-align: center;\"><a href=\"https:\/\/www.teichhotel.de\/wp-content\/uploads\/2026\/04\/Burger-und-Speisen-ab-17Uhr-Maerz-26.pdf\" class=\"pdfemb-viewer\" style=\"\" data-width=\"max\" data-height=\"max\" data-toolbar=\"top\" data-toolbar-fixed=\"on\">Burger und Speisen ab 17Uhr Ma\u0308rz 26<\/a><\/p>\n\n\t\t<\/div>\n\t<\/div>\n<\/div><\/div><div class=\"vc_tta-panel\" id=\"1773995043617-3ce85eb0-33fb\" data-vc-content=\".vc_tta-panel-body\"><div class=\"vc_tta-panel-heading\"><h4 class=\"vc_tta-panel-title\"><a href=\"#1773995043617-3ce85eb0-33fb\" data-vc-accordion data-vc-container=\".vc_tta-container\"><i class=\"vc_tta-icon vc-material vc-material-restaurant_menu\"><\/i><span class=\"vc_tta-title-text\">Fleischgerichte<\/span><\/a><\/h4><\/div><div class=\"vc_tta-panel-body\">\n\t<div class=\"wpb_text_column wpb_content_element  wpb_text_column-69dbc58b22aa8\" >\n\t\t<div class=\"wpb_wrapper\">\n\t\t\t<p style=\"text-align: center;\"><a href=\"https:\/\/www.teichhotel.de\/wp-content\/uploads\/2026\/04\/Fleisch-April-26.pdf\" class=\"pdfemb-viewer\" style=\"\" data-width=\"max\" data-height=\"max\" data-toolbar=\"top\" data-toolbar-fixed=\"on\">Fleisch April 26<\/a><\/p>\n\n\t\t<\/div>\n\t<\/div>\n<\/div><\/div><div class=\"vc_tta-panel\" id=\"1773995085791-37c5af37-b1d2\" data-vc-content=\".vc_tta-panel-body\"><div class=\"vc_tta-panel-heading\"><h4 class=\"vc_tta-panel-title\"><a href=\"#1773995085791-37c5af37-b1d2\" data-vc-accordion data-vc-container=\".vc_tta-container\"><i class=\"vc_tta-icon vc-material vc-material-restaurant_menu\"><\/i><span class=\"vc_tta-title-text\">Vegetarisch, Fisch &amp; Desserts<\/span><\/a><\/h4><\/div><div class=\"vc_tta-panel-body\">\n\t<div class=\"wpb_text_column wpb_content_element  wpb_text_column-69dbc5b3468ea\" >\n\t\t<div class=\"wpb_wrapper\">\n\t\t\t<p style=\"text-align: center;\"><a href=\"https:\/\/www.teichhotel.de\/wp-content\/uploads\/2026\/04\/Vegetar.-Fisch-Dessert-April-.26.pdf\" class=\"pdfemb-viewer\" style=\"\" data-width=\"max\" data-height=\"max\" data-toolbar=\"top\" data-toolbar-fixed=\"on\">Vegetar. Fisch &amp; Dessert April .26<\/a><\/p>\n\n\t\t<\/div>\n\t<\/div>\n<\/div><\/div><\/div><\/div><\/div><\/div><\/div><\/div><\/div><\/div>\t\t\n\t\t<div class=\"vc_row wpb_row vc_row-fluid vc_row-5ef19ce19781d\">\t\t\n\t\t<div class=\"wpb_column vc_column_container vc_col-sm-12 vc_column_container-69fdd2921b092\"><div class=\"vc_column-inner \"><div class=\"wpb_wrapper\">      <div class=\"heading-block heading-5ef19a6c459f5 tal h-h4\">\n                  <h4 class=\"h\">G\u00e4stemeinungen.<\/h4>\n              <\/div>\n        <div class=\"testimonials-slider testimonials-block-5ef0b6f2297d4\">\n              <div class=\"prev base-icon-prev-2\"><\/div>\n        <div class=\"next base-icon-next-2\"><\/div>\n            <div class=\"swiper-container\">\n        <div class=\"swiper-wrapper\">\n                <div class=\"testimonial-item swiper-slide testimonials-item-5ef18ab216eee with-avatar\">\n        <div class=\"top\">\n                      <div class=\"avatar\" style=\"background-image: url(https:\/\/www.teichhotel.de\/wp-content\/uploads\/woocommerce-placeholder.png);\"><\/div>\n                    <div class=\"content\">\n                          <div class=\"name\">Sabine<\/div>\n                          <div class=\"post\">booking.com<\/div>\n                        <div class=\"rate\">\n              <i class=\"base-icon-star active\"><\/i>\n              <i class=\"base-icon-star active\"><\/i>\n              <i class=\"base-icon-star active\"><\/i>\n              <i class=\"base-icon-star active\"><\/i>\n              <i class=\"base-icon-star active\"><\/i>\n            <\/div>\n          <\/div>\n        <\/div>\n        <div class=\"quote\">\n          Sehr sch\u00f6nes Zimmer mit gro\u00dfem Tageslichtbad und Moskitonetzen, ruhig und doch zentral gelegen. 50 m vom Radweg entfernt. Leckeres Fr\u00fchst\u00fcck.        <\/div>\n      <\/div>\n          <div class=\"testimonial-item swiper-slide testimonials-item-5ef18b26f7a8e with-avatar\">\n        <div class=\"top\">\n                      <div class=\"avatar\" style=\"background-image: url(https:\/\/www.teichhotel.de\/wp-content\/uploads\/woocommerce-placeholder.png);\"><\/div>\n                    <div class=\"content\">\n                          <div class=\"name\">Helmut<\/div>\n                          <div class=\"post\">booking.com<\/div>\n                        <div class=\"rate\">\n              <i class=\"base-icon-star active\"><\/i>\n              <i class=\"base-icon-star active\"><\/i>\n              <i class=\"base-icon-star active\"><\/i>\n              <i class=\"base-icon-star active\"><\/i>\n              <i class=\"base-icon-star active\"><\/i>\n            <\/div>\n          <\/div>\n        <\/div>\n        <div class=\"quote\">\n          Fr\u00fchst\u00fcck gut und viel Auswahl. Anfahrt zeigte das Navi nicht die Einbahnstra\u00dfe an.<br \/>\nFreundlich und hilfsbereit bei der Fahrrad Unterstellm\u00f6glichkeit.        <\/div>\n      <\/div>\n          <div class=\"testimonial-item swiper-slide testimonials-item-5ef18b3d2b206 with-avatar\">\n        <div class=\"top\">\n                      <div class=\"avatar\" style=\"background-image: url(https:\/\/www.teichhotel.de\/wp-content\/uploads\/woocommerce-placeholder.png);\"><\/div>\n                    <div class=\"content\">\n                          <div class=\"name\">Melanie<\/div>\n                          <div class=\"post\">holidaycheck.de<\/div>\n                        <div class=\"rate\">\n              <i class=\"base-icon-star active\"><\/i>\n              <i class=\"base-icon-star active\"><\/i>\n              <i class=\"base-icon-star active\"><\/i>\n              <i class=\"base-icon-star active\"><\/i>\n              <i class=\"base-icon-star active\"><\/i>\n            <\/div>\n          <\/div>\n        <\/div>\n        <div class=\"quote\">\n          Sch\u00f6nes Hotel. Ruhig gelegen., N\u00e4he zur Stadtmitte trotzdem gegeben.<br \/>\nSaubere Zimmer, freundliches Personal, leckeres Fr\u00fchst\u00fcck        <\/div>\n      <\/div>\n            <\/div>\n      <\/div>\n              <div class=\"swiper-dots\"><\/div>\n          <\/div>\n    <\/div><\/div><\/div><\/div>\n<\/div>","protected":false},"excerpt":{"rendered":"Genie\u00dfen im Teichhotel. Restaurant Fr\u00fchst\u00fcck Catering Feiern &amp; Events Trauercaf\u00e9 Feine Fischgerichte, Hausmannskost, Leckeres aus der Pfanne. Wir kochen f\u00fcr Sie saisonal und regional. Unser Restaurant teilt sich in drei geschmackvoll eingerichtete R\u00e4ume auf und bietet Platz f\u00fcr ca. 80 Personen, die Gem\u00fctlichkeit und Individualit\u00e4t vermitteln. Jeder Raum ist mit viel Liebe zum Detail eingerichtet. [...]","protected":false},"author":1,"featured_media":0,"parent":0,"menu_order":0,"comment_status":"closed","ping_status":"closed","template":"template-landing.php","meta":{"_acf_changed":false,"footnotes":"","_links_to":"","_links_to_target":""},"class_list":["post-3414","page","type-page","status-publish","hentry"],"acf":[],"aioseo_notices":[],"_links":{"self":[{"href":"https:\/\/www.teichhotel.de\/de_de\/wp-json\/wp\/v2\/pages\/3414","targetHints":{"allow":["GET"]}}],"collection":[{"href":"https:\/\/www.teichhotel.de\/de_de\/wp-json\/wp\/v2\/pages"}],"about":[{"href":"https:\/\/www.teichhotel.de\/de_de\/wp-json\/wp\/v2\/types\/page"}],"author":[{"embeddable":true,"href":"https:\/\/www.teichhotel.de\/de_de\/wp-json\/wp\/v2\/users\/1"}],"replies":[{"embeddable":true,"href":"https:\/\/www.teichhotel.de\/de_de\/wp-json\/wp\/v2\/comments?post=3414"}],"version-history":[{"count":33,"href":"https:\/\/www.teichhotel.de\/de_de\/wp-json\/wp\/v2\/pages\/3414\/revisions"}],"predecessor-version":[{"id":3828,"href":"https:\/\/www.teichhotel.de\/de_de\/wp-json\/wp\/v2\/pages\/3414\/revisions\/3828"}],"wp:attachment":[{"href":"https:\/\/www.teichhotel.de\/de_de\/wp-json\/wp\/v2\/media?parent=3414"}],"curies":[{"name":"wp","href":"https:\/\/api.w.org\/{rel}","templated":true}]}}