{"id":3681,"date":"2020-12-01T19:00:38","date_gmt":"2020-12-01T18:00:38","guid":{"rendered":"https:\/\/www.teichhotel.de\/?page_id=3681"},"modified":"2022-04-27T19:03:59","modified_gmt":"2022-04-27T18:03:59","slug":"speisenangebot-im-ausser-haus-verkauf-4-2","status":"publish","type":"page","link":"https:\/\/www.teichhotel.de\/de_de\/speisenangebot-im-ausser-haus-verkauf-4-2\/","title":{"rendered":"Werden Sie Teil unseres Teams &#8211; Wir freuen uns auf Sie!"},"content":{"rendered":"\n<p>Wir suchen aktuell<\/p>\n\n\n\n<h3 class=\"wp-block-heading\"><strong><em><u>Koch (m\/w\/d) Vollzeit und K\u00fcchenhilfe (m\/w\/d) Teilzeit<\/u><\/em><\/strong><\/h3>\n\n\n\n<p>F\u00fcr das Teichhotel in Schmalkalden suchen wir einen Koch (m\/w\/d) in Vollzeit und eine K\u00fcchenhilfe (m\/w\/d)&nbsp;&nbsp;in Teilzeit.<\/p>\n\n\n\n<p>Sie leisten Ihren Beitrag zum reibungslosen Ablauf in der K\u00fcche und zur Zufriedenheit Ihrer G\u00e4ste:<\/p>\n\n\n\n<ul class=\"wp-block-list\"><li>Zubereitung der Speisen nach Vorgabe des Chefkochs<\/li><li>Pflege der Maschinen und Ger\u00e4te<\/li><li>verantwortungsbewusster und kostenorientierter Umgang mit Lebensmitteln<\/li><li>Einbringung von Vorschl\u00e4gen zur Verbesserung der Arbeitsschritte<\/li><\/ul>\n\n\n\n<p>Profil:<\/p>\n\n\n\n<ul class=\"wp-block-list\"><li>selbstst\u00e4ndige Arbeitsweise<\/li><li>Teamf\u00e4higkeit\u00a0und\u00a0Belastbarkeit\u00a0<\/li><li>Verantwortungs-und Qualit\u00e4tsbewusstsein\u00a0<\/li><li>Motivation und Freude an der Arbeit\u00a0<\/li><\/ul>\n\n\n\n<p>Wir bieten Ihnen:&nbsp;<\/p>\n\n\n\n<ul class=\"wp-block-list\"><li>Arbeitsvertrag ohne Befristung mit guten Entwicklungsm\u00f6glichkeiten&nbsp;<\/li><li>gutes Betriebsklima&nbsp;<\/li><li>5 Tage Arbeitswoche,&nbsp; immer zwei zusammenh\u00e4ngende Tage frei&nbsp;<\/li><li>Faire, regelm\u00e4\u00dfige und p\u00fcnktliche Entlohnung<\/li><\/ul>\n\n\n\n<p>Gerne vereinbaren wir einen Termin f\u00fcr ein Probearbeiten.<\/p>\n\n\n\n<p class=\"has-text-align-center\">Melden sie sich unter 03683 \/ 40 26 61 oder schreiben sie uns eine E- Mail:&nbsp;<\/p>\n\n\n\n<p class=\"has-text-align-center\">&nbsp;<a href=\"mailto:info@teichhotel.de\">info@teichhotel.de<\/a><\/p>\n\n\n\n<p class=\"has-text-align-center\">Gehalt nach Vereinbarung.<\/p>\n","protected":false},"excerpt":{"rendered":"<p>Wir suchen aktuell Koch (m\/w\/d) Vollzeit und K\u00fcchenhilfe (m\/w\/d) Teilzeit F\u00fcr das Teichhotel in Schmalkalden suchen wir einen Koch (m\/w\/d) in Vollzeit und eine K\u00fcchenhilfe (m\/w\/d)&nbsp;&nbsp;in Teilzeit. Sie leisten Ihren Beitrag zum reibungslosen Ablauf in der K\u00fcche und zur Zufriedenheit Ihrer G\u00e4ste: Zubereitung der Speisen nach Vorgabe des Chefkochs Pflege der Maschinen und Ger\u00e4te verantwortungsbewusster [&hellip;]<\/p>\n","protected":false},"author":1,"featured_media":0,"parent":0,"menu_order":0,"comment_status":"closed","ping_status":"closed","template":"","meta":{"_acf_changed":false,"footnotes":"","_links_to":"","_links_to_target":""},"class_list":["post-3681","page","type-page","status-publish","hentry"],"acf":[],"aioseo_notices":[],"_links":{"self":[{"href":"https:\/\/www.teichhotel.de\/de_de\/wp-json\/wp\/v2\/pages\/3681","targetHints":{"allow":["GET"]}}],"collection":[{"href":"https:\/\/www.teichhotel.de\/de_de\/wp-json\/wp\/v2\/pages"}],"about":[{"href":"https:\/\/www.teichhotel.de\/de_de\/wp-json\/wp\/v2\/types\/page"}],"author":[{"embeddable":true,"href":"https:\/\/www.teichhotel.de\/de_de\/wp-json\/wp\/v2\/users\/1"}],"replies":[{"embeddable":true,"href":"https:\/\/www.teichhotel.de\/de_de\/wp-json\/wp\/v2\/comments?post=3681"}],"version-history":[{"count":1,"href":"https:\/\/www.teichhotel.de\/de_de\/wp-json\/wp\/v2\/pages\/3681\/revisions"}],"predecessor-version":[{"id":3682,"href":"https:\/\/www.teichhotel.de\/de_de\/wp-json\/wp\/v2\/pages\/3681\/revisions\/3682"}],"wp:attachment":[{"href":"https:\/\/www.teichhotel.de\/de_de\/wp-json\/wp\/v2\/media?parent=3681"}],"curies":[{"name":"wp","href":"https:\/\/api.w.org\/{rel}","templated":true}]}}