{"id":3414,"date":"2020-09-28T07:53:30","date_gmt":"2020-09-28T06:53:30","guid":{"rendered":"https:\/\/www.teichhotel.de\/?page_id=3414"},"modified":"2026-04-12T17:18:25","modified_gmt":"2026-04-12T16:18:25","slug":"restaurant","status":"publish","type":"page","link":"https:\/\/www.teichhotel.de\/en\/restaurant\/","title":{"rendered":"Restaurant"},"content":{"rendered":"<div class=\"wpb-content-wrapper\"><div class=\"vc_row wpb_row vc_row-fluid vc_row-69fddf8e3051d\">\t\t\n\t\t<div class=\"wpb_column vc_column_container vc_col-sm-12 vc_column_container-69fddf8e30903\"><div class=\"vc_column-inner\"><div class=\"wpb_wrapper\">      <div class=\"heading-block heading-5ef07ddbb10d8 tal h-h4\">\n                  <h4 class=\"h\">Enjoy at the Teichhotel.<\/h4>\n              <\/div>\n        <div class=\"tabs-block tabs-block-5ef0b4c6aaa49\">\r\n      <div class=\"tab-nav\">\r\n        <div class=\"prev base-icon-prev\"><\/div>\r\n        <div class=\"next base-icon-next\"><\/div>\r\n        <div class=\"swiper-container\">\r\n          <div class=\"swiper-wrapper\">\r\n                          <div class=\"swiper-slide\">Restaurant<\/div>\r\n                          <div class=\"swiper-slide\">Breakfast<\/div>\r\n                          <div class=\"swiper-slide\">Catering<\/div>\r\n                          <div class=\"swiper-slide\">Celebrations &amp; Events<\/div>\r\n                          <div class=\"swiper-slide\">Trauercaf\u00e9<\/div>\r\n                      <\/div>\r\n        <\/div>\r\n      <\/div>\r\n      <div class=\"tab-content swiper-container\">\r\n        <div class=\"swiper-wrapper\">      <div class=\"swiper-slide with-image\">\r\n                  <div class=\"image\" style=\"background-image: url(https:\/\/www.teichhotel.de\/wp-content\/uploads\/2021\/12\/DSC4265-scaled.webp);\"><\/div>\r\n          <div class=\"content\">\n\t<div class=\"wpb_text_column wpb_content_element  text-t1 wpb_text_column-5ef0811293606\" >\n\t\t<div class=\"wpb_wrapper\">\n\t\t\t<p><span style=\"font-weight: 400;\">Fine fish dishes, home-style cooking, tasty dishes from the pan. We cook seasonal and regional dishes for you. Our restaurant is divided into three tastefully furnished rooms and offers space for approx. 80 people, conveying cosiness and individuality. Each room is furnished with great attention to detail. It's a great place to linger after dinner and sit together over a glass of wine or a coffee. When the weather is fine, our small but beautiful beer garden, with space for up to 30 people, invites you to relax. Whether for dinner for two or a family celebration, we at the Teichhotel will do everything to make your stay in our restaurant an experience. From \u00e0 la carte, half board to a four-course menu, we offer everything and of course in top quality. Fresh ingredients, wherever possible, from the abundant seasonal supply of the region, refine every dish and you can simply taste it.<\/span><\/p>\n\n\t\t<\/div>\n\t<\/div>\n\t\t<div class=\"working-hours working-hours-5ef08f826230f\">\n\t\t\t\t\t\t\t<div class=\"title\">Opening hours<\/div>\n\t\t\t\t\t\t<div class=\"items\">\n\t\t\t\t\t\t\t\t\t<div class=\"item\">\n\t\t\t\t\t\t\t\t\t\t\t\t\t<div class=\"label\">Wednesday<\/div>\n\t\t\t\t\t\t\t\t\t\t\t\t\t<div class=\"value\">16:00 - 23:00<\/div>\n\t\t\t\t\t\t\t\t\t\t\t\t\t<a class=\"button-style1 small\" href=\"#\" target=\"_self\">Book a table now<\/a>\n\t\t\t\t\t\t\t\t\t\t\t<\/div>\n\t\t\t\t\t\t\t\t\t<div class=\"item\">\n\t\t\t\t\t\t\t\t\t\t\t\t\t<div class=\"label\">Thursday<\/div>\n\t\t\t\t\t\t\t\t\t\t\t\t\t<div class=\"value\">16:00 - 23:00<\/div>\n\t\t\t\t\t\t\t\t\t\t\t\t\t<a class=\"button-style1 small\" href=\"#\" target=\"_self\">Book a table now<\/a>\n\t\t\t\t\t\t\t\t\t\t\t<\/div>\n\t\t\t\t\t\t\t\t\t<div class=\"item\">\n\t\t\t\t\t\t\t\t\t\t\t\t\t<div class=\"label\">Friday<\/div>\n\t\t\t\t\t\t\t\t\t\t\t\t\t<div class=\"value\">16:00 - 23:00<\/div>\n\t\t\t\t\t\t\t\t\t\t\t\t\t<a class=\"button-style1 small\" href=\"#\" target=\"_self\">Book a table now<\/a>\n\t\t\t\t\t\t\t\t\t\t\t<\/div>\n\t\t\t\t\t\t\t\t\t<div class=\"item\">\n\t\t\t\t\t\t\t\t\t\t\t\t\t<div class=\"label\">Saturday<\/div>\n\t\t\t\t\t\t\t\t\t\t\t\t\t<div class=\"value\">16:00 - 24:00<\/div>\n\t\t\t\t\t\t\t\t\t\t\t\t\t<a class=\"button-style1 small\" href=\"#\" target=\"_self\">Book a table now<\/a>\n\t\t\t\t\t\t\t\t\t\t\t<\/div>\n\t\t\t\t\t\t\t\t\t<div class=\"item\">\n\t\t\t\t\t\t\t\t\t\t\t\t\t<div class=\"label\">Sunday<\/div>\n\t\t\t\t\t\t\t\t\t\t\t\t\t<div class=\"value\">11:30 - 14:00 and 16:00 - 23:00<\/div>\n\t\t\t\t\t\t\t\t\t\t\t\t\t<a class=\"button-style1 small\" href=\"#\" target=\"_self\">Book a table now<\/a>\n\t\t\t\t\t\t\t\t\t\t\t<\/div>\n\t\t\t\t\t\t\t\t\t<div class=\"item\">\n\t\t\t\t\t\t\t\t\t\t\t\t\t<div class=\"label\">Tuesday<\/div>\n\t\t\t\t\t\t\t\t\t\t\t\t\t<div class=\"value\">Rest day<\/div>\n\t\t\t\t\t\t\t\t\t\t\t\t\t<a class=\"button-style1 small\" href=\"#\" target=\"_self\">Book a table now<\/a>\n\t\t\t\t\t\t\t\t\t\t\t<\/div>\n\t\t\t\t\t\t\t<\/div>\n\t\t<\/div>\n\t\t\n\t<div class=\"wpb_text_column wpb_content_element  text-t1 wpb_text_column-633d1e7bd7110\" >\n\t\t<div class=\"wpb_wrapper\">\n\t\t\t<p>Our restaurant will be closed on 24 December.<\/p>\n\n\t\t<\/div>\n\t<\/div>\n      <div class=\"button-container button-5ef090fb2951b left\">\n        <a class=\"button-style2\" href=\"https:\/\/www.teichhotel.de\/en\/tischreservierung\/\" target=\"_self\">\n          <span>to the table reservation<\/span>\n                      <i class=\"base-icon-next-2\"><\/i>\n                  <\/a>\n      <\/div>\n    <\/div>\r\n                \r\n      <\/div>\r\n          <div class=\"swiper-slide with-image\">\r\n                  <div class=\"image\" style=\"background-image: url(https:\/\/www.teichhotel.de\/wp-content\/uploads\/2021\/12\/DSC4297_1-scaled.webp);\"><\/div>\r\n          <div class=\"content\">\n\t<div class=\"wpb_text_column wpb_content_element  text-t1 wpb_text_column-5f71987f6384d\" >\n\t\t<div class=\"wpb_wrapper\">\n\t\t\t<p><b>The foundation for a successful day.<\/b><\/p>\n<p><span style=\"font-weight: 400;\">If you have a busy day ahead, you need energy! A balanced breakfast is the perfect way to start your day off right.\u00a0 <\/span><\/p>\n<p><span style=\"font-weight: 400;\">With us, you can fortify yourself at the extensive breakfast buffet. Tea and coffee specialties,\njuices, a selection of muesli with fresh fruit, pastries, assorted cold cuts and cheeses, as well as\nfreshly boiled and fried eggs, will make your mouth water. So that early risers and late sleepers alike can enjoy their balanced breakfast, the <strong>breakfast buffet at the Teichhotel*** is available from Monday to Friday: 7:00 a.m. \u2013 10:00 a.m. and Saturday and Sunday: 7:30 a.m. \u2013 10:00 a.m.<\/strong> Breakfast price for hotel guests is 13.00\u20ac and already included.<\/span><\/p>\n<p><strong>Breakfast for out-of-town guests<\/strong><\/p>\n<p>You don\u2019t have to be a guest at the Teichhotel to enjoy our breakfast buffet. \nFor just \u20ac15.00 per person, you can treat yourself in the morning as well. \nSimply reserve a table with us at least one day in advance.<\/p>\n\n\t\t<\/div>\n\t<\/div>\n\t\t<div class=\"working-hours working-hours-5f719a068d5a3\">\n\t\t\t\t\t\t\t<div class=\"title\">Breakfast times<\/div>\n\t\t\t\t\t\t<div class=\"items\">\n\t\t\t\t\t\t\t\t\t<div class=\"item\">\n\t\t\t\t\t\t\t\t\t\t\t\t\t<div class=\"label\">daily<\/div>\n\t\t\t\t\t\t\t\t\t\t\t\t\t<div class=\"value\">07:00 - 10:00 a.m.<\/div>\n\t\t\t\t\t\t\t\t\t\t\t\t\t<a class=\"button-style1 small\" href=\"#\" target=\"_self\">Book a table now<\/a>\n\t\t\t\t\t\t\t\t\t\t\t<\/div>\n\t\t\t\t\t\t\t<\/div>\n\t\t<\/div>\n\t\t<\/div>\r\n                \r\n      <\/div>\r\n          <div class=\"swiper-slide with-image\">\r\n                  <div class=\"image\" style=\"background-image: url(https:\/\/www.teichhotel.de\/wp-content\/uploads\/2010\/01\/121.jpg);\"><\/div>\r\n          <div class=\"content\">\n\t<div class=\"wpb_text_column wpb_content_element  text-t1 wpb_text_column-5ef0a2c953727\" >\n\t\t<div class=\"wpb_wrapper\">\n\t\t\t<p>The best from a single source: with our many years of experience as a catering company, we have \t\t\teverything needed to make your event a successful and unforgettable experience. We look forward to your inquiries.<\/p>\n\n\t\t<\/div>\n\t<\/div>\n\t\t<div class=\"working-hours working-hours-5ef0a885a5006\">\n\t\t\t\t\t\t\t<div class=\"title\">We take care of the catering for your event<\/div>\n\t\t\t\t\t\t<div class=\"items\">\n\t\t\t\t\t\t\t\t\t<div class=\"item\">\n\t\t\t\t\t\t\t\t\t\t\t\t\t<div class=\"label\">All year round<\/div>\n\t\t\t\t\t\t\t\t\t\t\t\t\t<div class=\"value\">to order<\/div>\n\t\t\t\t\t\t\t\t\t\t\t<\/div>\n\t\t\t\t\t\t\t<\/div>\n\t\t<\/div>\n\t\t      <div class=\"button-container button-5f70d67bb7b8e left\">\n        <a class=\"button-style2\" href=\"https:\/\/www.teichhotel.de\/en\/kontakt\/\" target=\"_self\">\n          <span>Enquire now<\/span>\n                      <i class=\"base-icon-next-2\"><\/i>\n                  <\/a>\n      <\/div>\n    <\/div>\r\n                \r\n      <\/div>\r\n          <div class=\"swiper-slide with-image\">\r\n                  <div class=\"image\" style=\"background-image: url(https:\/\/www.teichhotel.de\/wp-content\/uploads\/2021\/12\/DSC4343-scaled.webp);\"><\/div>\r\n          <div class=\"content\">\n\t<div class=\"wpb_text_column wpb_content_element  text-t1 wpb_text_column-5f70e486f599e\" >\n\t\t<div class=\"wpb_wrapper\">\n\t\t\t<p>We support you in organizing your celebration. In addition to selecting your menu, drinks, and other details, we also help you\u2014together with catering from our own team\u2014in finding the perfect venue.<\/p>\n\n\t\t<\/div>\n\t<\/div>\n\t\t<div class=\"working-hours working-hours-5f70e4ae855c5\">\n\t\t\t\t\t\t\t<div class=\"title\">Your celebration in good hands<\/div>\n\t\t\t\t\t\t<div class=\"items\">\n\t\t\t\t\t\t\t\t\t<div class=\"item\">\n\t\t\t\t\t\t\t\t\t\t\t\t\t<div class=\"label\">All year round<\/div>\n\t\t\t\t\t\t\t\t\t\t\t\t\t<div class=\"value\">by arrangement<\/div>\n\t\t\t\t\t\t\t\t\t\t\t<\/div>\n\t\t\t\t\t\t\t<\/div>\n\t\t<\/div>\n\t\t      <div class=\"button-container button-5f7192d51b3c1 left\">\n        <a class=\"button-style2\" href=\"https:\/\/www.teichhotel.de\/en\/kontakt\/\" target=\"_self\">\n          <span>Enquire now<\/span>\n                      <i class=\"base-icon-next-2\"><\/i>\n                  <\/a>\n      <\/div>\n    <\/div>\r\n                \r\n      <\/div>\r\n          <div class=\"swiper-slide with-image\">\r\n                  <div class=\"image\" style=\"background-image: url(https:\/\/www.teichhotel.de\/wp-content\/uploads\/2026\/02\/Bild1.jpg);\"><\/div>\r\n          <div class=\"content\">\n\t<div class=\"wpb_text_column wpb_content_element  text-t1 wpb_text_column-698442ce13d40\" >\n\t\t<div class=\"wpb_wrapper\">\n\t\t\t<p>Nach der Trauerfeier bietet ein gemeinsames Beisammensein Raum f\u00fcr Erinnerungen und stille Gespr\u00e4che. Im Teichhotel in Schmalkalden schaffen wir daf\u00fcr einen gesch\u00fctzten Rahmen in ruhiger Atmosph\u00e4re. Ob eine schlichte Kaffeetafel oder eine individuell abgestimmte Bewirtung \u2013 unser erfahrenes Team begleitet Sie und Ihre G\u00e4ste mit Herz und Erfahrung. So entsteht ein Ort, an dem gemeinsames Gedenken m\u00f6glich ist.<\/p>\n\n\t\t<\/div>\n\t<\/div>\n\t\t<div class=\"working-hours working-hours-69844326ea8ab\">\n\t\t\t\t\t\t\t<div class=\"title\">Trauerbewirtung t\u00e4glich m\u00f6glich.<\/div>\n\t\t\t\t\t\t<div class=\"items\">\n\t\t\t\t\t\t\t\t\t<div class=\"item\">\n\t\t\t\t\t\t\t\t\t\t\t\t\t<div class=\"label\">Wir bitten um vorherige Terminabsprache.<\/div>\n\t\t\t\t\t\t\t\t\t\t\t<\/div>\n\t\t\t\t\t\t\t<\/div>\n\t\t<\/div>\n\t\t      <div class=\"button-container button-69fddf8e32f2f left\">\n        <a class=\"button-style2\" href=\"https:\/\/www.teichhotel.de\/en\/kontakt\/\" target=\"_self\">\n          <span>Enquire now<\/span>\n                      <i class=\"base-icon-next-2\"><\/i>\n                  <\/a>\n      <\/div>\n    <\/div>\r\n                \r\n      <\/div>\r\n    <\/div>\r\n      <\/div>\r\n    <\/div>\r\n    <\/div><\/div><\/div><\/div>\t\t\n\t\t<div class=\"vc_row wpb_row vc_row-fluid vc_row-69fddf8e33368\">\t\t\n\t\t<div class=\"wpb_column vc_column_container vc_col-sm-12 vc_column_container-69fddf8e33483\"><div class=\"vc_column-inner\"><div class=\"wpb_wrapper\"><h2 style=\"text-align: left\" class=\"vc_custom_heading vc_do_custom_heading\" >Speisekarte<\/h2><div class=\"vc_tta-container\" data-vc-action=\"collapse\"><div class=\"vc_general vc_tta vc_tta-tabs vc_tta-color-grey vc_tta-style-classic vc_tta-shape-rounded vc_tta-spacing-1 vc_tta-tabs-position-top vc_tta-controls-align-left\"><div class=\"vc_tta-tabs-container\"><ul class=\"vc_tta-tabs-list\" role=\"tablist\"><li class=\"vc_tta-tab vc_active\" data-vc-tab role=\"presentation\"><a href=\"#1773994940760-3fe42b45-01d9\" data-vc-tabs data-vc-container=\".vc_tta\" role=\"tab\" aria-selected=\"false\" id=\"tab-1773994940760-3fe42b45-01d9\"><i class=\"vc_tta-icon vc-material vc-material-restaurant_menu\"><\/i><span class=\"vc_tta-title-text\">Vorspeisen<\/span><\/a><\/li><li class=\"vc_tta-tab\" data-vc-tab role=\"presentation\"><a href=\"#1773994940770-629bd8e6-cd8a\" data-vc-tabs data-vc-container=\".vc_tta\" role=\"tab\" aria-selected=\"false\" id=\"tab-1773994940770-629bd8e6-cd8a\"><i class=\"vc_tta-icon vc-material vc-material-restaurant_menu\"><\/i><span class=\"vc_tta-title-text\">Burger &amp; Speisen (ab 17:00 Uhr)<\/span><\/a><\/li><li class=\"vc_tta-tab\" data-vc-tab role=\"presentation\"><a href=\"#1773995043617-3ce85eb0-33fb\" data-vc-tabs data-vc-container=\".vc_tta\" role=\"tab\" aria-selected=\"false\" id=\"tab-1773995043617-3ce85eb0-33fb\"><i class=\"vc_tta-icon vc-material vc-material-restaurant_menu\"><\/i><span class=\"vc_tta-title-text\">Fleischgerichte<\/span><\/a><\/li><li class=\"vc_tta-tab\" data-vc-tab role=\"presentation\"><a href=\"#1773995085791-37c5af37-b1d2\" data-vc-tabs data-vc-container=\".vc_tta\" role=\"tab\" aria-selected=\"false\" id=\"tab-1773995085791-37c5af37-b1d2\"><i class=\"vc_tta-icon vc-material vc-material-restaurant_menu\"><\/i><span class=\"vc_tta-title-text\">Vegetarisch, Fisch &amp; Desserts<\/span><\/a><\/li><\/ul><\/div><div class=\"vc_tta-panels-container\"><div class=\"vc_tta-panels\"><div class=\"vc_tta-panel vc_active\" id=\"1773994940760-3fe42b45-01d9\" data-vc-content=\".vc_tta-panel-body\"><div class=\"vc_tta-panel-heading\"><h4 class=\"vc_tta-panel-title\"><a href=\"#1773994940760-3fe42b45-01d9\" data-vc-accordion data-vc-container=\".vc_tta-container\"><i class=\"vc_tta-icon vc-material vc-material-restaurant_menu\"><\/i><span class=\"vc_tta-title-text\">Vorspeisen<\/span><\/a><\/h4><\/div><div class=\"vc_tta-panel-body\">\n\t<div class=\"wpb_text_column wpb_content_element  wpb_text_column-69dbc52c8f58c\" >\n\t\t<div class=\"wpb_wrapper\">\n\t\t\t<p style=\"text-align: center;\"><a href=\"https:\/\/www.teichhotel.de\/wp-content\/uploads\/2026\/04\/Vorspeisen-April-26.pdf\" class=\"pdfemb-viewer\" style=\"\" data-width=\"max\" data-height=\"max\" data-toolbar=\"top\" data-toolbar-fixed=\"on\">Vorspeisen April 26<\/a><\/p>\n\n\t\t<\/div>\n\t<\/div>\n<\/div><\/div><div class=\"vc_tta-panel\" id=\"1773994940770-629bd8e6-cd8a\" data-vc-content=\".vc_tta-panel-body\"><div class=\"vc_tta-panel-heading\"><h4 class=\"vc_tta-panel-title\"><a href=\"#1773994940770-629bd8e6-cd8a\" data-vc-accordion data-vc-container=\".vc_tta-container\"><i class=\"vc_tta-icon vc-material vc-material-restaurant_menu\"><\/i><span class=\"vc_tta-title-text\">Burger &amp; Speisen (ab 17:00 Uhr)<\/span><\/a><\/h4><\/div><div class=\"vc_tta-panel-body\">\n\t<div class=\"wpb_text_column wpb_content_element  wpb_text_column-69dbc56fadc8a\" >\n\t\t<div class=\"wpb_wrapper\">\n\t\t\t<p style=\"text-align: center;\"><a href=\"https:\/\/www.teichhotel.de\/wp-content\/uploads\/2026\/04\/Burger-und-Speisen-ab-17Uhr-Maerz-26.pdf\" class=\"pdfemb-viewer\" style=\"\" data-width=\"max\" data-height=\"max\" data-toolbar=\"top\" data-toolbar-fixed=\"on\">Burger und Speisen ab 17Uhr Ma\u0308rz 26<\/a><\/p>\n\n\t\t<\/div>\n\t<\/div>\n<\/div><\/div><div class=\"vc_tta-panel\" id=\"1773995043617-3ce85eb0-33fb\" data-vc-content=\".vc_tta-panel-body\"><div class=\"vc_tta-panel-heading\"><h4 class=\"vc_tta-panel-title\"><a href=\"#1773995043617-3ce85eb0-33fb\" data-vc-accordion data-vc-container=\".vc_tta-container\"><i class=\"vc_tta-icon vc-material vc-material-restaurant_menu\"><\/i><span class=\"vc_tta-title-text\">Fleischgerichte<\/span><\/a><\/h4><\/div><div class=\"vc_tta-panel-body\">\n\t<div class=\"wpb_text_column wpb_content_element  wpb_text_column-69dbc58b22aa8\" >\n\t\t<div class=\"wpb_wrapper\">\n\t\t\t<p style=\"text-align: center;\"><a href=\"https:\/\/www.teichhotel.de\/wp-content\/uploads\/2026\/04\/Fleisch-April-26.pdf\" class=\"pdfemb-viewer\" style=\"\" data-width=\"max\" data-height=\"max\" data-toolbar=\"top\" data-toolbar-fixed=\"on\">Fleisch April 26<\/a><\/p>\n\n\t\t<\/div>\n\t<\/div>\n<\/div><\/div><div class=\"vc_tta-panel\" id=\"1773995085791-37c5af37-b1d2\" data-vc-content=\".vc_tta-panel-body\"><div class=\"vc_tta-panel-heading\"><h4 class=\"vc_tta-panel-title\"><a href=\"#1773995085791-37c5af37-b1d2\" data-vc-accordion data-vc-container=\".vc_tta-container\"><i class=\"vc_tta-icon vc-material vc-material-restaurant_menu\"><\/i><span class=\"vc_tta-title-text\">Vegetarisch, Fisch &amp; Desserts<\/span><\/a><\/h4><\/div><div class=\"vc_tta-panel-body\">\n\t<div class=\"wpb_text_column wpb_content_element  wpb_text_column-69dbc5b3468ea\" >\n\t\t<div class=\"wpb_wrapper\">\n\t\t\t<p style=\"text-align: center;\"><a href=\"https:\/\/www.teichhotel.de\/wp-content\/uploads\/2026\/04\/Vegetar.-Fisch-Dessert-April-.26.pdf\" class=\"pdfemb-viewer\" style=\"\" data-width=\"max\" data-height=\"max\" data-toolbar=\"top\" data-toolbar-fixed=\"on\">Vegetar. Fisch &amp; Dessert April .26<\/a><\/p>\n\n\t\t<\/div>\n\t<\/div>\n<\/div><\/div><\/div><\/div><\/div><\/div><\/div><\/div><\/div><\/div>\t\t\n\t\t<div class=\"vc_row wpb_row vc_row-fluid vc_row-5ef19ce19781d\">\t\t\n\t\t<div class=\"wpb_column vc_column_container vc_col-sm-12 vc_column_container-69fddf8e3456c\"><div class=\"vc_column-inner\"><div class=\"wpb_wrapper\">      <div class=\"heading-block heading-5ef19a6c459f5 tal h-h4\">\n                  <h4 class=\"h\">Guest opinions.<\/h4>\n              <\/div>\n        <div class=\"testimonials-slider testimonials-block-5ef0b6f2297d4\">\n              <div class=\"prev base-icon-prev-2\"><\/div>\n        <div class=\"next base-icon-next-2\"><\/div>\n            <div class=\"swiper-container\">\n        <div class=\"swiper-wrapper\">\n                <div class=\"testimonial-item swiper-slide testimonials-item-5ef18ab216eee with-avatar\">\n        <div class=\"top\">\n                      <div class=\"avatar\" style=\"background-image: url(https:\/\/www.teichhotel.de\/wp-content\/uploads\/woocommerce-placeholder.png);\"><\/div>\n                    <div class=\"content\">\n                          <div class=\"name\">Sabine<\/div>\n                          <div class=\"post\">booking.com<\/div>\n                        <div class=\"rate\">\n              <i class=\"base-icon-star active\"><\/i>\n              <i class=\"base-icon-star active\"><\/i>\n              <i class=\"base-icon-star active\"><\/i>\n              <i class=\"base-icon-star active\"><\/i>\n              <i class=\"base-icon-star active\"><\/i>\n            <\/div>\n          <\/div>\n        <\/div>\n        <div class=\"quote\">\n          Very nice room with large daylight bathroom and mosquito nets, quiet and yet centrally located. 50 metres from the cycle path. Delicious breakfast.        <\/div>\n      <\/div>\n          <div class=\"testimonial-item swiper-slide testimonials-item-5ef18b26f7a8e with-avatar\">\n        <div class=\"top\">\n                      <div class=\"avatar\" style=\"background-image: url(https:\/\/www.teichhotel.de\/wp-content\/uploads\/woocommerce-placeholder.png);\"><\/div>\n                    <div class=\"content\">\n                          <div class=\"name\">Helmut<\/div>\n                          <div class=\"post\">booking.com<\/div>\n                        <div class=\"rate\">\n              <i class=\"base-icon-star active\"><\/i>\n              <i class=\"base-icon-star active\"><\/i>\n              <i class=\"base-icon-star active\"><\/i>\n              <i class=\"base-icon-star active\"><\/i>\n              <i class=\"base-icon-star active\"><\/i>\n            <\/div>\n          <\/div>\n        <\/div>\n        <div class=\"quote\">\n          Breakfast good and plenty of choice. The sat nav did not show the one-way street.<br \/>\nFriendly and helpful with bicycle storage.        <\/div>\n      <\/div>\n          <div class=\"testimonial-item swiper-slide testimonials-item-5ef18b3d2b206 with-avatar\">\n        <div class=\"top\">\n                      <div class=\"avatar\" style=\"background-image: url(https:\/\/www.teichhotel.de\/wp-content\/uploads\/woocommerce-placeholder.png);\"><\/div>\n                    <div class=\"content\">\n                          <div class=\"name\">Melanie<\/div>\n                          <div class=\"post\">holidaycheck.com<\/div>\n                        <div class=\"rate\">\n              <i class=\"base-icon-star active\"><\/i>\n              <i class=\"base-icon-star active\"><\/i>\n              <i class=\"base-icon-star active\"><\/i>\n              <i class=\"base-icon-star active\"><\/i>\n              <i class=\"base-icon-star active\"><\/i>\n            <\/div>\n          <\/div>\n        <\/div>\n        <div class=\"quote\">\n          Nice hotel. Quiet location, but still close to the city centre.<br \/>\nClean rooms, friendly staff, delicious breakfast        <\/div>\n      <\/div>\n            <\/div>\n      <\/div>\n              <div class=\"swiper-dots\"><\/div>\n          <\/div>\n    <\/div><\/div><\/div><\/div>\n<\/div>","protected":false},"excerpt":{"rendered":"Genie\u00dfen im Teichhotel. Restaurant Fr\u00fchst\u00fcck Catering Feiern &amp; Events Trauercaf\u00e9 Feine Fischgerichte, Hausmannskost, Leckeres aus der Pfanne. Wir kochen f\u00fcr Sie saisonal und regional. Unser Restaurant teilt sich in drei geschmackvoll eingerichtete R\u00e4ume auf und bietet Platz f\u00fcr ca. 80 Personen, die Gem\u00fctlichkeit und Individualit\u00e4t vermitteln. Jeder Raum ist mit viel Liebe zum Detail eingerichtet. [...]","protected":false},"author":1,"featured_media":0,"parent":0,"menu_order":0,"comment_status":"closed","ping_status":"closed","template":"template-landing.php","meta":{"_acf_changed":false,"footnotes":"","_links_to":"","_links_to_target":""},"class_list":["post-3414","page","type-page","status-publish","hentry"],"acf":[],"aioseo_notices":[],"_links":{"self":[{"href":"https:\/\/www.teichhotel.de\/en\/wp-json\/wp\/v2\/pages\/3414","targetHints":{"allow":["GET"]}}],"collection":[{"href":"https:\/\/www.teichhotel.de\/en\/wp-json\/wp\/v2\/pages"}],"about":[{"href":"https:\/\/www.teichhotel.de\/en\/wp-json\/wp\/v2\/types\/page"}],"author":[{"embeddable":true,"href":"https:\/\/www.teichhotel.de\/en\/wp-json\/wp\/v2\/users\/1"}],"replies":[{"embeddable":true,"href":"https:\/\/www.teichhotel.de\/en\/wp-json\/wp\/v2\/comments?post=3414"}],"version-history":[{"count":33,"href":"https:\/\/www.teichhotel.de\/en\/wp-json\/wp\/v2\/pages\/3414\/revisions"}],"predecessor-version":[{"id":3828,"href":"https:\/\/www.teichhotel.de\/en\/wp-json\/wp\/v2\/pages\/3414\/revisions\/3828"}],"wp:attachment":[{"href":"https:\/\/www.teichhotel.de\/en\/wp-json\/wp\/v2\/media?parent=3414"}],"curies":[{"name":"wp","href":"https:\/\/api.w.org\/{rel}","templated":true}]}}