{"id":3421,"date":"2024-01-02T08:30:03","date_gmt":"2024-01-02T07:30:03","guid":{"rendered":"https:\/\/www.teichhotel.de\/?page_id=3421"},"modified":"2026-02-24T14:33:21","modified_gmt":"2026-02-24T13:33:21","slug":"tischreservierung","status":"publish","type":"page","link":"https:\/\/www.teichhotel.de\/en\/tischreservierung\/","title":{"rendered":"Table Booking"},"content":{"rendered":"<div class=\"wpb-content-wrapper\"><div data-vc-full-width=\"true\" data-vc-full-width-init=\"false\" data-vc-stretch-content=\"true\" class=\"vc_row wpb_row vc_row-fluid vc_row-5f70f4f38dc90\">\t\t\n\t\t<div class=\"wpb_column vc_column_container vc_col-sm-12 vc_column_container-69fa02ef51d63\"><div class=\"vc_column-inner\"><div class=\"wpb_wrapper\"><div class=\"wpb_gmaps_widget wpb_content_element\"><div class=\"wpb_wrapper\"><div class=\"wpb_map_wraper\"><iframe loading=\"lazy\" src=\"https:\/\/www.google.com\/maps\/embed?pb=!1m18!1m12!1m3!1d2525.587582836219!2d10.448955951913277!3d50.727589979414084!2m3!1f0!2f0!3f0!3m2!1i1024!2i768!4f13.1!3m3!1m2!1s0x47a379cb9dace887%3A0x882955c1e953799f!2sTeichhotel!5e0!3m2!1sde!2sde!4v1601238167544!5m2!1sde!2sde\" width=\"600\" height=\"450\" frameborder=\"0\" style=\"border:0;\" allowfullscreen=\"\" aria-hidden=\"false\" tabindex=\"0\"><\/iframe><\/div><\/div><\/div><\/div><\/div><\/div><\/div><div class=\"vc_row-full-width vc_clearfix\"><\/div>\t\t\n\t\t<div class=\"vc_row wpb_row vc_row-fluid vc_row-6972721030e81\">\t\t\n\t\t<div class=\"wpb_column vc_column_container vc_col-sm-6 vc_col-lg-5 vc_column_container-69fa02ef52181\"><div class=\"vc_column-inner\"><div class=\"wpb_wrapper\">      <div class=\"heading-block heading-69fa02ef52225 tal h-h5\">\n                  <h5 class=\"h\">Let us spoil you<br \/>\nand conveniently book a table in our restaurant.<\/h5>\n              <\/div>\n    \n\t<div class=\"wpb_raw_code wpb_raw_html wpb_content_element\" >\n\t\t<div class=\"wpb_wrapper\">\n\t\t\t<div class=\"contact-item\">\n  <div class=\"label\">Hotel &amp; Restaurant Teichhotel***<\/div>\n  <div class=\"value\">Teichstra\u00dfe 21, 98574 Schmalkalden<br><span>You can reach us: 9:00 AM to 8:00 PM<\/span><\/div>\n<\/div>\n\t\t<\/div>\n\t<\/div>\n<section class=\"vc_cta3-container\"><div class=\"vc_general vc_do_cta3 vc_cta3 vc_cta3-style-classic vc_cta3-shape-rounded vc_cta3-align-left vc_cta3-color-juicy-pink vc_cta3-icon-size-md\"><div class=\"vc_cta3_content-container\"><div class=\"vc_cta3-content\"><header class=\"vc_cta3-content-header\"><h2>Achtung!<\/h2><h4>Bitte unbedingt beachten!<\/h4><\/header><p>Aufgrund der gro\u00dfen Nachfrage sind Tischreservierungen \u00fcber dieses Formular vom 24.12.2026 bis 26.12.2026 und vom 31.12.2026 bis 01.01.2027<strong>\u00a0leider nicht m\u00f6glich!<\/strong><\/p>\n<p>Bitte rufen Sie uns f\u00fcr Tischreservierungen an diesen Tagen direkt an!<br \/>\nTelefon +49 3683 402661<\/p>\n<\/div><\/div><\/div><\/section><\/div><\/div><\/div>\t\t\n\t\t<div class=\"wpb_column vc_column_container vc_col-sm-6 vc_col-lg-7 vc_column_container-69fa02ef52727\"><div class=\"vc_column-inner\"><div class=\"wpb_wrapper\">      <div class=\"heading-block heading-69fa02ef527af tal h-h5\">\n                  <div class=\"sub-h\">Contact us!<\/div>\n              <\/div>\n    \n\t<div class=\"wpb_text_column wpb_content_element  wpb_text_column-\" >\n\t\t<div class=\"wpb_wrapper\">\n\t\t\t\n<div class=\"wpcf7 no-js\" id=\"wpcf7-f3420-o1\" lang=\"en-US\" dir=\"ltr\" data-wpcf7-id=\"3420\">\n<div class=\"screen-reader-response\"><p role=\"status\" aria-live=\"polite\" aria-atomic=\"true\"><\/p> <ul><\/ul><\/div>\n<form action=\"\/en\/wp-json\/wp\/v2\/pages\/3421#wpcf7-f3420-o1\" method=\"post\" class=\"wpcf7-form init\" aria-label=\"Contact form\" novalidate=\"novalidate\" data-status=\"init\" data-trp-original-action=\"\/en\/wp-json\/wp\/v2\/pages\/3421#wpcf7-f3420-o1\">\n<fieldset class=\"hidden-fields-container\"><input type=\"hidden\" name=\"_wpcf7\" value=\"3420\" \/><input type=\"hidden\" name=\"_wpcf7_version\" value=\"6.1.5\" \/><input type=\"hidden\" name=\"_wpcf7_locale\" value=\"en_US\" \/><input type=\"hidden\" name=\"_wpcf7_unit_tag\" value=\"wpcf7-f3420-o1\" \/><input type=\"hidden\" name=\"_wpcf7_container_post\" value=\"0\" \/><input type=\"hidden\" name=\"_wpcf7_posted_data_hash\" value=\"\" \/>\n<\/fieldset>\n<div class=\"wpcf7-turnstile cf-turnstile\" data-sitekey=\"0x4AAAAAACOOhEJZ8Ph8Jpcb\" data-response-field-name=\"_wpcf7_turnstile_response\"><\/div>\n\n<div class=\"contact-form2\">\n\t<div class=\"row\">\n\t\t<div class=\"col-12 col-sm-6\"><span class=\"wpcf7-form-control-wrap\" data-name=\"f-name\"><input size=\"40\" maxlength=\"400\" class=\"wpcf7-form-control wpcf7-text wpcf7-validates-as-required style1\" aria-required=\"true\" aria-invalid=\"false\" placeholder=\"Your name*\" value=\"\" type=\"text\" name=\"f-name\" \/><\/span><\/div>\n\t\t<div class=\"col-12 col-sm-6\"><span class=\"wpcf7-form-control-wrap\" data-name=\"f-email\"><input size=\"40\" maxlength=\"400\" class=\"wpcf7-form-control wpcf7-text wpcf7-validates-as-required style1\" aria-required=\"true\" aria-invalid=\"false\" placeholder=\"Your email address*\" value=\"\" type=\"text\" name=\"f-email\" \/><\/span><\/div>\n                <div class=\"col-12 col-sm-6\"><span class=\"wpcf7-form-control-wrap\" data-name=\"f-phone\"><input size=\"40\" maxlength=\"400\" class=\"wpcf7-form-control wpcf7-text wpcf7-validates-as-required style1\" aria-required=\"true\" aria-invalid=\"false\" placeholder=\"Your telephone number*\" value=\"\" type=\"text\" name=\"f-phone\" \/><\/span><\/div>\n                <div class=\"col-12 col-sm-6\"><span class=\"wpcf7-form-control-wrap\" data-name=\"Reservierungsdatum\"><input class=\"wpcf7-form-control wpcf7-date wpcf7-validates-as-required wpcf7-validates-as-date style1\" aria-required=\"true\" aria-invalid=\"false\" placeholder=\"Date*\" value=\"\" type=\"date\" name=\"Reservierungsdatum\" \/><\/span><\/div>\n                <div class=\"col-12 col-sm-6\"><span class=\"wpcf7-form-control-wrap\" data-name=\"Personenanzahl\"><input class=\"wpcf7-form-control wpcf7-number wpcf7-validates-as-number style1\" aria-invalid=\"false\" placeholder=\"Number of persons\" value=\"\" type=\"number\" name=\"Personenanzahl\" \/><\/span><\/div>\n\t\t<div class=\"col-12\"><span class=\"wpcf7-form-control-wrap\" data-name=\"f-message\"><textarea cols=\"40\" rows=\"10\" maxlength=\"2000\" class=\"wpcf7-form-control wpcf7-textarea wpcf7-validates-as-required style1\" aria-required=\"true\" aria-invalid=\"false\" placeholder=\"Desired time of reservation \/ additional requests*\" name=\"f-message\"><\/textarea><\/span><\/div>\n\t\t<div class=\"require-text\">All fields with an \"*\" are mandatory!<\/div>\n\t\t<div class=\"col-12\"><input class=\"wpcf7-form-control wpcf7-submit has-spinner button-style1\" type=\"submit\" value=\"Sending\" \/><\/div>\n\t<\/div>\n<\/div><p style=\"display: none !important;\" class=\"akismet-fields-container\" data-prefix=\"_wpcf7_ak_\"><label>\u0394<textarea name=\"_wpcf7_ak_hp_textarea\" cols=\"45\" rows=\"8\" maxlength=\"100\"><\/textarea><\/label><input type=\"hidden\" id=\"ak_js_1\" name=\"_wpcf7_ak_js\" value=\"175\"\/><script>document.getElementById( \"ak_js_1\" ).setAttribute( \"value\", ( new Date() ).getTime() );<\/script><\/p><div class=\"wpcf7-response-output\" aria-hidden=\"true\"><\/div>\n<input type=\"hidden\" name=\"trp-form-language\" value=\"en\"\/><\/form>\n<\/div>\n\n\n\t\t<\/div>\n\t<\/div>\n<\/div><\/div><\/div><\/div>\n<\/div>","protected":false},"excerpt":{"rendered":"Lassen Sie sich von uns verw\u00f6hnen und reservieren Sie bequem einen Tisch in unserem Restaurant. Hotel & Restaurant Teichhotel*** Teichstra\u00dfe 21, 98574 SchmalkaldenSie erreichen uns: 8:00 bis 20:00 Achtung!Bitte unbedingt beachten!Aufgrund der gro\u00dfen Nachfrage sind Tischreservierungen \u00fcber dieses Formular vom 24.12.2026 bis 26.12.2026 und vom 31.12.2026 bis 01.01.2027\u00a0leider nicht m\u00f6glich! Bitte rufen Sie uns f\u00fcr [...]","protected":false},"author":1,"featured_media":0,"parent":0,"menu_order":0,"comment_status":"closed","ping_status":"closed","template":"template-landing.php","meta":{"_acf_changed":false,"footnotes":"","_links_to":"","_links_to_target":""},"class_list":["post-3421","page","type-page","status-publish","hentry"],"acf":[],"aioseo_notices":[],"_links":{"self":[{"href":"https:\/\/www.teichhotel.de\/en\/wp-json\/wp\/v2\/pages\/3421","targetHints":{"allow":["GET"]}}],"collection":[{"href":"https:\/\/www.teichhotel.de\/en\/wp-json\/wp\/v2\/pages"}],"about":[{"href":"https:\/\/www.teichhotel.de\/en\/wp-json\/wp\/v2\/types\/page"}],"author":[{"embeddable":true,"href":"https:\/\/www.teichhotel.de\/en\/wp-json\/wp\/v2\/users\/1"}],"replies":[{"embeddable":true,"href":"https:\/\/www.teichhotel.de\/en\/wp-json\/wp\/v2\/comments?post=3421"}],"version-history":[{"count":13,"href":"https:\/\/www.teichhotel.de\/en\/wp-json\/wp\/v2\/pages\/3421\/revisions"}],"predecessor-version":[{"id":3801,"href":"https:\/\/www.teichhotel.de\/en\/wp-json\/wp\/v2\/pages\/3421\/revisions\/3801"}],"wp:attachment":[{"href":"https:\/\/www.teichhotel.de\/en\/wp-json\/wp\/v2\/media?parent=3421"}],"curies":[{"name":"wp","href":"https:\/\/api.w.org\/{rel}","templated":true}]}}