{"id":3681,"date":"2020-12-01T19:00:38","date_gmt":"2020-12-01T18:00:38","guid":{"rendered":"https:\/\/www.teichhotel.de\/?page_id=3681"},"modified":"2022-04-27T19:03:59","modified_gmt":"2022-04-27T18:03:59","slug":"speisenangebot-im-ausser-haus-verkauf-4-2","status":"publish","type":"page","link":"https:\/\/www.teichhotel.de\/en\/speisenangebot-im-ausser-haus-verkauf-4-2\/","title":{"rendered":"Become part of our team - we look forward to meeting you!"},"content":{"rendered":"<p>We are currently looking for<\/p>\n\n\n\n<h3 class=\"wp-block-heading\"><strong><em><u>Cook (m\/f\/d) full-time and kitchen assistant (m\/f\/d) part-time<\/u><\/em><\/strong><\/h3>\n\n\n\n<p>For the Teichhotel in Schmalkalden we are looking for a full-time cook (m\/f\/d) and a part-time kitchen assistant (m\/f\/d).<\/p>\n\n\n\n<p>You contribute to the smooth running of the kitchen and the satisfaction of your guests:<\/p>\n\n\n\n<ul class=\"wp-block-list\"><li>Preparation of meals according to the chef's instructions<\/li><li>Maintenance of machines and equipment<\/li><li>Responsible and cost-orientated handling of food<\/li><li>Submitting suggestions for improving the work steps<\/li><\/ul>\n\n\n\n<p>Profile:<\/p>\n\n\n\n<ul class=\"wp-block-list\"><li>Independent way of working<\/li><li>Ability to work in a team and under pressure\u00a0<\/li><li>A sense of responsibility and quality awareness\u00a0<\/li><li>Motivation and enjoyment of work\u00a0<\/li><\/ul>\n\n\n\n<p>We offer you:&nbsp;<\/p>\n\n\n\n<ul class=\"wp-block-list\"><li>Employment contract without a fixed term with good development opportunities&nbsp;<\/li><li>Good working atmosphere&nbsp;<\/li><li>5-day working week, always two consecutive days off&nbsp;<\/li><li>Fair, regular and punctual remuneration<\/li><\/ul>\n\n\n\n<p>We would be happy to arrange an appointment for a trial.<\/p>\n\n\n\n<p class=\"has-text-align-center\">Please contact us on 03683 \/ 40 26 61 or send us an e-mail:&nbsp;<\/p>\n\n\n\n<p class=\"has-text-align-center\">&nbsp;<a href=\"mailto:info@teichhotel.de\">info@teichhotel.de<\/a><\/p>\n\n\n\n<p class=\"has-text-align-center\">Salary by agreement.<\/p>","protected":false},"excerpt":{"rendered":"<p>Wir suchen aktuell Koch (m\/w\/d) Vollzeit und K\u00fcchenhilfe (m\/w\/d) Teilzeit F\u00fcr das Teichhotel in Schmalkalden suchen wir einen Koch (m\/w\/d) in Vollzeit und eine K\u00fcchenhilfe (m\/w\/d)&nbsp;&nbsp;in Teilzeit. Sie leisten Ihren Beitrag zum reibungslosen Ablauf in der K\u00fcche und zur Zufriedenheit Ihrer G\u00e4ste: Zubereitung der Speisen nach Vorgabe des Chefkochs Pflege der Maschinen und Ger\u00e4te verantwortungsbewusster [&hellip;]<\/p>\n","protected":false},"author":1,"featured_media":0,"parent":0,"menu_order":0,"comment_status":"closed","ping_status":"closed","template":"","meta":{"_acf_changed":false,"footnotes":"","_links_to":"","_links_to_target":""},"class_list":["post-3681","page","type-page","status-publish","hentry"],"acf":[],"aioseo_notices":[],"_links":{"self":[{"href":"https:\/\/www.teichhotel.de\/en\/wp-json\/wp\/v2\/pages\/3681","targetHints":{"allow":["GET"]}}],"collection":[{"href":"https:\/\/www.teichhotel.de\/en\/wp-json\/wp\/v2\/pages"}],"about":[{"href":"https:\/\/www.teichhotel.de\/en\/wp-json\/wp\/v2\/types\/page"}],"author":[{"embeddable":true,"href":"https:\/\/www.teichhotel.de\/en\/wp-json\/wp\/v2\/users\/1"}],"replies":[{"embeddable":true,"href":"https:\/\/www.teichhotel.de\/en\/wp-json\/wp\/v2\/comments?post=3681"}],"version-history":[{"count":1,"href":"https:\/\/www.teichhotel.de\/en\/wp-json\/wp\/v2\/pages\/3681\/revisions"}],"predecessor-version":[{"id":3682,"href":"https:\/\/www.teichhotel.de\/en\/wp-json\/wp\/v2\/pages\/3681\/revisions\/3682"}],"wp:attachment":[{"href":"https:\/\/www.teichhotel.de\/en\/wp-json\/wp\/v2\/media?parent=3681"}],"curies":[{"name":"wp","href":"https:\/\/api.w.org\/{rel}","templated":true}]}}