{"id":66,"date":"2010-01-23T21:25:37","date_gmt":"2010-01-23T20:25:37","guid":{"rendered":"http:\/\/www.teichhotel.de\/wordpress\/?page_id=66"},"modified":"2020-10-04T13:08:17","modified_gmt":"2020-10-04T12:08:17","slug":"impressum","status":"publish","type":"page","link":"https:\/\/www.teichhotel.de\/en\/impressum\/","title":{"rendered":"Imprint"},"content":{"rendered":"<h4 class=\"wp-block-heading\">Information in accordance with \u00a7 5 TMG<\/h4>\n\n\n\n<p>Daniel Elsmann<br>\nHotel and Restaurant Teichhotel***<br>\nTeichstrasse 21<br>\n98574 Schmalkalden<\/p>\n\n\n\n<h4 class=\"wp-block-heading\">Contact<\/h4>\n\n\n\n<p>Phone: +49 3683 402661<br>\nFax: +49 3683 401140<br>\nEmail: reservierung@teichhotel.de<\/p>\n\n\n\n<h4 class=\"wp-block-heading\">VAT ID<\/h4>\n\n\n\n<p>VAT identification number in accordance with \u00a7 27 a of the German VAT Act:<br>\nDE268235327<\/p>\n\n\n\n<h4 class=\"wp-block-heading\">EU Online Dispute Resolution<\/h4>\n\n\n\n<p>The European Commission provides a platform for online dispute resolution (ODR): <a href=\"https:\/\/ec.europa.eu\/consumers\/odr\" target=\"_blank\" rel=\"noopener noreferrer\">https:\/\/ec.europa.eu\/consumers\/odr<\/a>.<br> Our email address can be found above in the imprint.<\/p>\n\n\n\n<h4 class=\"wp-block-heading\">Consumer Dispute Resolution \/  \nUniversal Arbitration Board<\/h4>\n\n\n\n<p>We participate in a dispute resolution procedure before a consumer arbitration board. The responsible body is the \tUniversal Arbitration Board of the Zentrum f\u00fcr Schlichtung e.V., Stra\u00dfburger Stra\u00dfe 8, 77694 Kehl am Rhein (<a href=\"https:\/\/www.verbraucher-schlichter.de\" rel=\"noopener noreferrer\" target=\"_blank\">https:\/\/www.verbraucher-schlichter.de<\/a>).<\/p>\n\n\n\n<h4 class=\"wp-block-heading\">Liability for Content<\/h4>\n\n\n\n<p>As a service provider, we are responsible for our own content on these pages according to \u00a7 7 para. 1 TMG and general laws. According to \u00a7\u00a7 8 to 10 TMG, however, we are not obliged as a service provider to monitor \ttransmitted or stored external information or to investigate circumstances that indicate illegal activity.<\/p>\n\n\n\n<p>Obligations to remove or block the use of information under general laws remain unaffected. Liability in this regard, however, is only possible from the point in time at which knowledge of a specific legal infringement is obtained. Upon becoming aware of \tsuch legal infringements, we will immediately remove this content.<\/p>\n\n\n\n<h3 class=\"wp-block-heading\">Liability for Links<\/h3>\n\n\n\n<p>Our offer contains links to external third-party websites, over whose content we have no influence. \nTherefore, we cannot assume any responsibility for these external contents. The respective provider or \noperator of the linked pages is always responsible for the content of these pages. The linked pages were checked for possible legal violations at the time of linking. Illegal content was not recognizable at the time of linking.<\/p>\n\n\n\n<p>A permanent monitoring of the content of the linked pages is, however, not reasonable without \nconcrete indications of a legal violation. Upon becoming aware of legal violations, \nwe will immediately remove such links.<\/p>\n\n\n\n<h3 class=\"wp-block-heading\">Copyright<\/h3>\n\n\n\n<p>The content and works created by the site operators on these pages are subject to German copyright law. \nReproduction, editing, distribution, and any kind of exploitation beyond the limits of copyright require \nthe written consent of the respective author or creator. Downloads and copies of this site are only permitted for private, non-commercial use.<\/p>\n\n\n\n<p>Insofar as the content on this site was not created by the operator, the copyrights of third \nparties are respected. In particular, third-party content is marked as such. Should you nevertheless become aware of a copyright infringement, we ask for an appropriate notification. Upon becoming aware of legal violations, we will immediately remove such content.<\/p>\n\n\n\n<p>Source: <a href=\"https:\/\/www.e-recht24.de\">https:\/\/www.e-recht24.de<\/a><\/p>","protected":false},"excerpt":{"rendered":"<p>Angaben gem\u00e4\u00df \u00a7 5 TMG Daniel Elsmann Hotel und Restaurant Teichhotel*** Teichstra\u00dfe 21 98574 Schmalkalden Kontakt Telefon: +49 3683 402661 Telefax: +49 3683 401140 E-Mail: reservierung@teichhotel.de Umsatzsteuer-ID Umsatzsteuer-Identifikationsnummer gem\u00e4\u00df \u00a7 27 a Umsatzsteuergesetz: DE268235327 EU-Streitschlichtung Die Europ\u00e4ische Kommission stellt eine Plattform zur Online-Streitbeilegung (OS) bereit: https:\/\/ec.europa.eu\/consumers\/odr. Unsere E-Mail-Adresse finden Sie oben im Impressum. Verbraucher\u00adstreit\u00adbeilegung\/Universal\u00adschlichtungs\u00adstelle Wir [&hellip;]<\/p>\n","protected":false},"author":1,"featured_media":0,"parent":0,"menu_order":6,"comment_status":"closed","ping_status":"open","template":"","meta":{"_acf_changed":false,"footnotes":"","_links_to":"","_links_to_target":""},"class_list":["post-66","page","type-page","status-publish","hentry"],"acf":[],"aioseo_notices":[],"_links":{"self":[{"href":"https:\/\/www.teichhotel.de\/en\/wp-json\/wp\/v2\/pages\/66","targetHints":{"allow":["GET"]}}],"collection":[{"href":"https:\/\/www.teichhotel.de\/en\/wp-json\/wp\/v2\/pages"}],"about":[{"href":"https:\/\/www.teichhotel.de\/en\/wp-json\/wp\/v2\/types\/page"}],"author":[{"embeddable":true,"href":"https:\/\/www.teichhotel.de\/en\/wp-json\/wp\/v2\/users\/1"}],"replies":[{"embeddable":true,"href":"https:\/\/www.teichhotel.de\/en\/wp-json\/wp\/v2\/comments?post=66"}],"version-history":[{"count":15,"href":"https:\/\/www.teichhotel.de\/en\/wp-json\/wp\/v2\/pages\/66\/revisions"}],"predecessor-version":[{"id":3450,"href":"https:\/\/www.teichhotel.de\/en\/wp-json\/wp\/v2\/pages\/66\/revisions\/3450"}],"wp:attachment":[{"href":"https:\/\/www.teichhotel.de\/en\/wp-json\/wp\/v2\/media?parent=66"}],"curies":[{"name":"wp","href":"https:\/\/api.w.org\/{rel}","templated":true}]}}